{"id":2442,"date":"2024-01-18T08:58:57","date_gmt":"2024-01-18T07:58:57","guid":{"rendered":"https:\/\/loewenstein.at\/?page_id=2442"},"modified":"2024-03-25T17:01:57","modified_gmt":"2024-03-25T16:01:57","slug":"mesg","status":"publish","type":"page","link":"https:\/\/loewenstein.at\/en\/das-team\/mesg\/","title":{"rendered":"MESG"},"content":{"rendered":"<div class=\"fusion-fullwidth fullwidth-box fusion-builder-row-1 fusion-flex-container has-pattern-background has-mask-background hundred-percent-fullwidth non-hundred-percent-height-scrolling\" style=\"--awb-border-radius-top-left:0px;--awb-border-radius-top-right:0px;--awb-border-radius-bottom-right:0px;--awb-border-radius-bottom-left:0px;--awb-flex-wrap:wrap;\" ><div class=\"fusion-builder-row fusion-row fusion-flex-align-items-center fusion-flex-content-wrap\" style=\"width:104% !important;max-width:104% !important;margin-left: calc(-4% \/ 2 );margin-right: calc(-4% \/ 2 );\"><div class=\"fusion-layout-column fusion_builder_column fusion-builder-column-0 fusion_builder_column_1_2 1_2 fusion-flex-column\" style=\"--awb-padding-right:7%;--awb-padding-left:7%;--awb-bg-size:cover;--awb-width-large:50%;--awb-margin-top-large:0px;--awb-spacing-right-large:3.84%;--awb-margin-bottom-large:0px;--awb-spacing-left-large:3.84%;--awb-width-medium:50%;--awb-order-medium:0;--awb-spacing-right-medium:3.84%;--awb-spacing-left-medium:3.84%;--awb-width-small:100%;--awb-order-small:0;--awb-spacing-right-small:1.92%;--awb-spacing-left-small:1.92%;\" data-scroll-devices=\"small-visibility,medium-visibility,large-visibility\"><div class=\"fusion-column-wrapper fusion-column-has-shadow fusion-flex-justify-content-flex-start fusion-content-layout-column\"><div class=\"fusion-title title fusion-title-1 fusion-sep-none fusion-title-text fusion-title-size-two\" style=\"--awb-margin-top-small:10px;--awb-margin-right-small:0px;--awb-margin-bottom-small:10px;--awb-margin-left-small:0px;\"><h2 class=\"fusion-title-heading title-heading-left fusion-responsive-typography-calculated\" style=\"margin:0;--fontSize:28;line-height:1.3;\"><strong>MESG &#8211; Management Experts St. Gallen<\/strong><\/h2><\/div><div class=\"fusion-text fusion-text-1\" style=\"--awb-text-transform:none;\"><p>MESG Management Experts St. Gallen is an essential co-operation partner in larger projects and a source of innovation and shared learning. I am proud to be a co-founder of this internationally active association of innovative and experienced specialists in general management.<\/p>\n<\/div><div ><a class=\"fusion-button button-flat fusion-button-default-size button-default fusion-button-default button-1 fusion-button-default-span fusion-button-default-type\" target=\"_blank\" rel=\"noopener noreferrer\" href=\"https:\/\/mesg.ch\/en\/\"><span class=\"fusion-button-text awb-button__text awb-button__text--default\">Visit the MESG website<\/span><\/a><\/div><\/div><\/div><div class=\"fusion-layout-column fusion_builder_column fusion-builder-column-1 fusion_builder_column_1_2 1_2 fusion-flex-column\" style=\"--awb-bg-size:cover;--awb-width-large:50%;--awb-margin-top-large:0px;--awb-spacing-right-large:3.84%;--awb-margin-bottom-large:20px;--awb-spacing-left-large:3.84%;--awb-width-medium:50%;--awb-order-medium:0;--awb-spacing-right-medium:3.84%;--awb-spacing-left-medium:3.84%;--awb-width-small:100%;--awb-order-small:0;--awb-spacing-right-small:1.92%;--awb-spacing-left-small:1.92%;\" data-scroll-devices=\"small-visibility,medium-visibility,large-visibility\"><div class=\"fusion-column-wrapper fusion-column-has-shadow fusion-flex-justify-content-flex-start fusion-content-layout-column\"><div class=\"fusion-image-element \" style=\"--awb-max-width:600px;--awb-caption-title-font-family:var(--h2_typography-font-family);--awb-caption-title-font-weight:var(--h2_typography-font-weight);--awb-caption-title-font-style:var(--h2_typography-font-style);--awb-caption-title-size:var(--h2_typography-font-size);--awb-caption-title-transform:var(--h2_typography-text-transform);--awb-caption-title-line-height:var(--h2_typography-line-height);--awb-caption-title-letter-spacing:var(--h2_typography-letter-spacing);\"><span class=\" fusion-imageframe imageframe-none imageframe-1 hover-type-none\"><img decoding=\"async\" width=\"1500\" height=\"202\" title=\"MESG-loewenstein-02\" src=\"https:\/\/loewenstein.at\/wp-content\/uploads\/2024\/01\/MESG-loewenstein-02.jpg\" data-orig-src=\"https:\/\/loewenstein.at\/\/wp-content\/uploads\/2024\/01\/MESG-loewenstein-02.jpg\" alt class=\"lazyload img-responsive wp-image-2287\" srcset=\"data:image\/svg+xml,%3Csvg%20xmlns%3D%27http%3A%2F%2Fwww.w3.org%2F2000%2Fsvg%27%20width%3D%271500%27%20height%3D%27202%27%20viewBox%3D%270%200%201500%20202%27%3E%3Crect%20width%3D%271500%27%20height%3D%27202%27%20fill-opacity%3D%220%22%2F%3E%3C%2Fsvg%3E\" data-srcset=\"https:\/\/loewenstein.at\/wp-content\/uploads\/2024\/01\/MESG-loewenstein-02-200x27.jpg 200w, https:\/\/loewenstein.at\/wp-content\/uploads\/2024\/01\/MESG-loewenstein-02-400x54.jpg 400w, https:\/\/loewenstein.at\/wp-content\/uploads\/2024\/01\/MESG-loewenstein-02-600x81.jpg 600w, https:\/\/loewenstein.at\/wp-content\/uploads\/2024\/01\/MESG-loewenstein-02-800x108.jpg 800w, https:\/\/loewenstein.at\/wp-content\/uploads\/2024\/01\/MESG-loewenstein-02-1200x162.jpg 1200w, https:\/\/loewenstein.at\/wp-content\/uploads\/2024\/01\/MESG-loewenstein-02.jpg 1500w\" data-sizes=\"auto\" data-orig-sizes=\"(max-width: 800px) 100vw, 600px\" \/><\/span><\/div><\/div><\/div><\/div><\/div>\n","protected":false},"excerpt":{"rendered":"","protected":false},"author":4,"featured_media":0,"parent":2376,"menu_order":0,"comment_status":"closed","ping_status":"closed","template":"100-width.php","meta":{"footnotes":""},"class_list":["post-2442","page","type-page","status-publish","hentry"],"yoast_head":"<!-- This site is optimized with the Yoast SEO plugin v27.5 - https:\/\/yoast.com\/product\/yoast-seo-wordpress\/ -->\n<title>MESG | L\u00f6wenstein Management Consulting<\/title>\n<meta name=\"description\" content=\"\u25ba L\u00f6wenstein steht f\u00fcr F\u00fchrungskr\u00e4fte-, Strategie, Organisations- und Team-Entwicklung sowie Coaching. F\u00fchrung f\u00fchrt zu Erfolg \u2713\u2713\u2713\" \/>\n<meta name=\"robots\" content=\"index, follow, max-snippet:-1, max-image-preview:large, max-video-preview:-1\" \/>\n<link rel=\"canonical\" href=\"https:\/\/loewenstein.at\/en\/das-team\/mesg\/\" \/>\n<meta property=\"og:locale\" content=\"en_US\" \/>\n<meta property=\"og:type\" content=\"article\" \/>\n<meta property=\"og:title\" content=\"MESG | L\u00f6wenstein Management Consulting\" \/>\n<meta property=\"og:description\" content=\"\u25ba L\u00f6wenstein steht f\u00fcr F\u00fchrungskr\u00e4fte-, Strategie, Organisations- und Team-Entwicklung sowie Coaching. F\u00fchrung f\u00fchrt zu Erfolg \u2713\u2713\u2713\" \/>\n<meta property=\"og:url\" content=\"https:\/\/loewenstein.at\/en\/das-team\/mesg\/\" \/>\n<meta property=\"og:site_name\" content=\"L\u00f6wenstein Management Consulting\" \/>\n<meta property=\"article:modified_time\" content=\"2024-03-25T16:01:57+00:00\" \/>\n<meta property=\"og:image\" content=\"https:\/\/loewenstein.at\/wp-content\/uploads\/2021\/02\/alexander-loewenstein-unternehmens-beratung.jpg\" \/>\n\t<meta property=\"og:image:width\" content=\"1600\" \/>\n\t<meta property=\"og:image:height\" content=\"1067\" \/>\n\t<meta property=\"og:image:type\" content=\"image\/jpeg\" \/>\n<meta name=\"twitter:card\" content=\"summary_large_image\" \/>\n<meta name=\"twitter:label1\" content=\"Est. reading time\" \/>\n\t<meta name=\"twitter:data1\" content=\"1 minute\" \/>\n<script type=\"application\/ld+json\" class=\"yoast-schema-graph\">{\"@context\":\"https:\\\/\\\/schema.org\",\"@graph\":[{\"@type\":\"WebPage\",\"@id\":\"https:\\\/\\\/loewenstein.at\\\/en\\\/das-team\\\/mesg\\\/\",\"url\":\"https:\\\/\\\/loewenstein.at\\\/en\\\/das-team\\\/mesg\\\/\",\"name\":\"MESG | L\u00f6wenstein Management Consulting\",\"isPartOf\":{\"@id\":\"https:\\\/\\\/loewenstein.at\\\/en\\\/#website\"},\"datePublished\":\"2024-01-18T07:58:57+00:00\",\"dateModified\":\"2024-03-25T16:01:57+00:00\",\"description\":\"\u25ba L\u00f6wenstein steht f\u00fcr F\u00fchrungskr\u00e4fte-, Strategie, Organisations- und Team-Entwicklung sowie Coaching. F\u00fchrung f\u00fchrt zu Erfolg \u2713\u2713\u2713\",\"breadcrumb\":{\"@id\":\"https:\\\/\\\/loewenstein.at\\\/en\\\/das-team\\\/mesg\\\/#breadcrumb\"},\"inLanguage\":\"en-US\",\"potentialAction\":[{\"@type\":\"ReadAction\",\"target\":[\"https:\\\/\\\/loewenstein.at\\\/en\\\/das-team\\\/mesg\\\/\"]}]},{\"@type\":\"BreadcrumbList\",\"@id\":\"https:\\\/\\\/loewenstein.at\\\/en\\\/das-team\\\/mesg\\\/#breadcrumb\",\"itemListElement\":[{\"@type\":\"ListItem\",\"position\":1,\"name\":\"Startseite\",\"item\":\"https:\\\/\\\/loewenstein.at\\\/en\\\/\"},{\"@type\":\"ListItem\",\"position\":2,\"name\":\"The team\",\"item\":\"https:\\\/\\\/loewenstein.at\\\/en\\\/das-team\\\/\"},{\"@type\":\"ListItem\",\"position\":3,\"name\":\"MESG\"}]},{\"@type\":\"WebSite\",\"@id\":\"https:\\\/\\\/loewenstein.at\\\/en\\\/#website\",\"url\":\"https:\\\/\\\/loewenstein.at\\\/en\\\/\",\"name\":\"L\u00f6wenstein Management Consulting\",\"description\":\"F\u00fchrung - Management - Coaching\",\"publisher\":{\"@id\":\"https:\\\/\\\/loewenstein.at\\\/en\\\/#organization\"},\"potentialAction\":[{\"@type\":\"SearchAction\",\"target\":{\"@type\":\"EntryPoint\",\"urlTemplate\":\"https:\\\/\\\/loewenstein.at\\\/en\\\/?s={search_term_string}\"},\"query-input\":{\"@type\":\"PropertyValueSpecification\",\"valueRequired\":true,\"valueName\":\"search_term_string\"}}],\"inLanguage\":\"en-US\"},{\"@type\":\"Organization\",\"@id\":\"https:\\\/\\\/loewenstein.at\\\/en\\\/#organization\",\"name\":\"L\u00f6wenstein Management Consulting\",\"url\":\"https:\\\/\\\/loewenstein.at\\\/en\\\/\",\"logo\":{\"@type\":\"ImageObject\",\"inLanguage\":\"en-US\",\"@id\":\"https:\\\/\\\/loewenstein.at\\\/en\\\/#\\\/schema\\\/logo\\\/image\\\/\",\"url\":\"https:\\\/\\\/loewenstein.at\\\/wp-content\\\/uploads\\\/2021\\\/02\\\/loewenstein-logo-200-1.png\",\"contentUrl\":\"https:\\\/\\\/loewenstein.at\\\/wp-content\\\/uploads\\\/2021\\\/02\\\/loewenstein-logo-200-1.png\",\"width\":200,\"height\":200,\"caption\":\"L\u00f6wenstein Management Consulting\"},\"image\":{\"@id\":\"https:\\\/\\\/loewenstein.at\\\/en\\\/#\\\/schema\\\/logo\\\/image\\\/\"}}]}<\/script>\n<!-- \/ Yoast SEO plugin. -->","yoast_head_json":{"title":"MESG | L\u00f6wenstein Management Consulting","description":"\u25ba L\u00f6wenstein steht f\u00fcr F\u00fchrungskr\u00e4fte-, Strategie, Organisations- und Team-Entwicklung sowie Coaching. F\u00fchrung f\u00fchrt zu Erfolg \u2713\u2713\u2713","robots":{"index":"index","follow":"follow","max-snippet":"max-snippet:-1","max-image-preview":"max-image-preview:large","max-video-preview":"max-video-preview:-1"},"canonical":"https:\/\/loewenstein.at\/en\/das-team\/mesg\/","og_locale":"en_US","og_type":"article","og_title":"MESG | L\u00f6wenstein Management Consulting","og_description":"\u25ba L\u00f6wenstein steht f\u00fcr F\u00fchrungskr\u00e4fte-, Strategie, Organisations- und Team-Entwicklung sowie Coaching. F\u00fchrung f\u00fchrt zu Erfolg \u2713\u2713\u2713","og_url":"https:\/\/loewenstein.at\/en\/das-team\/mesg\/","og_site_name":"L\u00f6wenstein Management Consulting","article_modified_time":"2024-03-25T16:01:57+00:00","og_image":[{"width":1600,"height":1067,"url":"https:\/\/loewenstein.at\/wp-content\/uploads\/2021\/02\/alexander-loewenstein-unternehmens-beratung.jpg","type":"image\/jpeg"}],"twitter_card":"summary_large_image","twitter_misc":{"Est. reading time":"1 minute"},"schema":{"@context":"https:\/\/schema.org","@graph":[{"@type":"WebPage","@id":"https:\/\/loewenstein.at\/en\/das-team\/mesg\/","url":"https:\/\/loewenstein.at\/en\/das-team\/mesg\/","name":"MESG | L\u00f6wenstein Management Consulting","isPartOf":{"@id":"https:\/\/loewenstein.at\/en\/#website"},"datePublished":"2024-01-18T07:58:57+00:00","dateModified":"2024-03-25T16:01:57+00:00","description":"\u25ba L\u00f6wenstein steht f\u00fcr F\u00fchrungskr\u00e4fte-, Strategie, Organisations- und Team-Entwicklung sowie Coaching. F\u00fchrung f\u00fchrt zu Erfolg \u2713\u2713\u2713","breadcrumb":{"@id":"https:\/\/loewenstein.at\/en\/das-team\/mesg\/#breadcrumb"},"inLanguage":"en-US","potentialAction":[{"@type":"ReadAction","target":["https:\/\/loewenstein.at\/en\/das-team\/mesg\/"]}]},{"@type":"BreadcrumbList","@id":"https:\/\/loewenstein.at\/en\/das-team\/mesg\/#breadcrumb","itemListElement":[{"@type":"ListItem","position":1,"name":"Startseite","item":"https:\/\/loewenstein.at\/en\/"},{"@type":"ListItem","position":2,"name":"The team","item":"https:\/\/loewenstein.at\/en\/das-team\/"},{"@type":"ListItem","position":3,"name":"MESG"}]},{"@type":"WebSite","@id":"https:\/\/loewenstein.at\/en\/#website","url":"https:\/\/loewenstein.at\/en\/","name":"L\u00f6wenstein Management Consulting","description":"F\u00fchrung - Management - Coaching","publisher":{"@id":"https:\/\/loewenstein.at\/en\/#organization"},"potentialAction":[{"@type":"SearchAction","target":{"@type":"EntryPoint","urlTemplate":"https:\/\/loewenstein.at\/en\/?s={search_term_string}"},"query-input":{"@type":"PropertyValueSpecification","valueRequired":true,"valueName":"search_term_string"}}],"inLanguage":"en-US"},{"@type":"Organization","@id":"https:\/\/loewenstein.at\/en\/#organization","name":"L\u00f6wenstein Management Consulting","url":"https:\/\/loewenstein.at\/en\/","logo":{"@type":"ImageObject","inLanguage":"en-US","@id":"https:\/\/loewenstein.at\/en\/#\/schema\/logo\/image\/","url":"https:\/\/loewenstein.at\/wp-content\/uploads\/2021\/02\/loewenstein-logo-200-1.png","contentUrl":"https:\/\/loewenstein.at\/wp-content\/uploads\/2021\/02\/loewenstein-logo-200-1.png","width":200,"height":200,"caption":"L\u00f6wenstein Management Consulting"},"image":{"@id":"https:\/\/loewenstein.at\/en\/#\/schema\/logo\/image\/"}}]}},"_links":{"self":[{"href":"https:\/\/loewenstein.at\/en\/wp-json\/wp\/v2\/pages\/2442","targetHints":{"allow":["GET"]}}],"collection":[{"href":"https:\/\/loewenstein.at\/en\/wp-json\/wp\/v2\/pages"}],"about":[{"href":"https:\/\/loewenstein.at\/en\/wp-json\/wp\/v2\/types\/page"}],"author":[{"embeddable":true,"href":"https:\/\/loewenstein.at\/en\/wp-json\/wp\/v2\/users\/4"}],"replies":[{"embeddable":true,"href":"https:\/\/loewenstein.at\/en\/wp-json\/wp\/v2\/comments?post=2442"}],"version-history":[{"count":3,"href":"https:\/\/loewenstein.at\/en\/wp-json\/wp\/v2\/pages\/2442\/revisions"}],"predecessor-version":[{"id":2509,"href":"https:\/\/loewenstein.at\/en\/wp-json\/wp\/v2\/pages\/2442\/revisions\/2509"}],"up":[{"embeddable":true,"href":"https:\/\/loewenstein.at\/en\/wp-json\/wp\/v2\/pages\/2376"}],"wp:attachment":[{"href":"https:\/\/loewenstein.at\/en\/wp-json\/wp\/v2\/media?parent=2442"}],"curies":[{"name":"wp","href":"https:\/\/api.w.org\/{rel}","templated":true}]}}