{"id":2431,"date":"2024-01-08T16:21:15","date_gmt":"2024-01-08T15:21:15","guid":{"rendered":"https:\/\/loewenstein.at\/?page_id=2431"},"modified":"2024-03-26T11:15:45","modified_gmt":"2024-03-26T10:15:45","slug":"mag-maria-seifert","status":"publish","type":"page","link":"https:\/\/loewenstein.at\/en\/das-team\/mag-maria-seifert\/","title":{"rendered":"Mag. Maria Seifert"},"content":{"rendered":"<div class=\"fusion-fullwidth fullwidth-box fusion-builder-row-1 fusion-flex-container has-pattern-background has-mask-background hundred-percent-fullwidth non-hundred-percent-height-scrolling\" style=\"--awb-border-radius-top-left:0px;--awb-border-radius-top-right:0px;--awb-border-radius-bottom-right:0px;--awb-border-radius-bottom-left:0px;--awb-padding-top:0px;--awb-padding-bottom:0px;--awb-margin-top:7px;--awb-flex-wrap:wrap;\" ><div class=\"fusion-builder-row fusion-row fusion-flex-align-items-stretch fusion-flex-content-wrap\" style=\"width:calc( 100% + 0px ) !important;max-width:calc( 100% + 0px ) !important;margin-left: calc(-0px \/ 2 );margin-right: calc(-0px \/ 2 );\"><div class=\"fusion-layout-column fusion_builder_column fusion-builder-column-0 fusion_builder_column_1_2 1_2 fusion-flex-column\" style=\"--awb-padding-right:7%;--awb-padding-left:7%;--awb-bg-size:cover;--awb-width-large:50%;--awb-margin-top-large:0px;--awb-spacing-right-large:0px;--awb-margin-bottom-large:0px;--awb-spacing-left-large:0px;--awb-width-medium:50%;--awb-order-medium:0;--awb-spacing-right-medium:0px;--awb-spacing-left-medium:0px;--awb-width-small:100%;--awb-order-small:0;--awb-spacing-right-small:0px;--awb-spacing-left-small:0px;\"><div class=\"fusion-column-wrapper fusion-column-has-shadow fusion-flex-justify-content-flex-start fusion-content-layout-column\"><div class=\"fusion-title title fusion-title-1 fusion-sep-none fusion-title-text fusion-title-size-two\" style=\"--awb-margin-top-small:10px;--awb-margin-right-small:0px;--awb-margin-bottom-small:10px;--awb-margin-left-small:0px;\"><h2 class=\"fusion-title-heading title-heading-left fusion-responsive-typography-calculated\" style=\"margin:0;--fontSize:28;line-height:1.3;\"><strong>Maria Seifert-Gasteiger<\/strong><\/h2><\/div><div class=\"fusion-text fusion-text-1 fusion-text-no-margin\" style=\"--awb-text-transform:none;--awb-margin-bottom:0px;\"><p>Many years as a manager at Verbund and \u00d6BB, and as a partner in a start-up. Always focusing on strategy and innovation.<\/p>\n<\/div><div class=\"fusion-separator fusion-full-width-sep\" style=\"align-self: center;margin-left: auto;margin-right: auto;margin-top:20px;width:100%;\"><\/div><div class=\"fusion-builder-row fusion-builder-row-inner fusion-row fusion-flex-align-items-stretch fusion-flex-content-wrap\" style=\"--awb-flex-grow:0;--awb-flex-grow-medium:0;--awb-flex-grow-small:0;--awb-flex-shrink:0;--awb-flex-shrink-medium:0;--awb-flex-shrink-small:0;width:calc( 100% + 0px ) !important;max-width:calc( 100% + 0px ) !important;margin-left: calc(-0px \/ 2 );margin-right: calc(-0px \/ 2 );\"><div class=\"fusion-layout-column fusion_builder_column_inner fusion-builder-nested-column-0 fusion_builder_column_inner_1_2 1_2 fusion-flex-column\" style=\"--awb-bg-size:cover;--awb-width-large:50%;--awb-margin-top-large:0px;--awb-spacing-right-large:0px;--awb-margin-bottom-large:20px;--awb-spacing-left-large:0px;--awb-width-medium:50%;--awb-order-medium:0;--awb-spacing-right-medium:0px;--awb-spacing-left-medium:0px;--awb-width-small:100%;--awb-order-small:0;--awb-spacing-right-small:0px;--awb-spacing-left-small:0px;\"><div class=\"fusion-column-wrapper fusion-column-has-shadow fusion-flex-justify-content-flex-start fusion-content-layout-column\"><div class=\"fusion-text fusion-text-2 fusion-text-no-margin\" style=\"--awb-text-transform:none;--awb-margin-bottom:0px;\"><p><strong>Special expertise:<\/strong><\/p>\n<\/div><ul style=\"--awb-line-height:27.2px;--awb-icon-width:27.2px;--awb-icon-height:27.2px;--awb-icon-margin:11.2px;--awb-content-margin:38.4px;\" class=\"fusion-checklist fusion-checklist-1 fusion-checklist-default type-icons\"><li class=\"fusion-li-item\" style=\"\"><span class=\"icon-wrapper circle-no\"><i class=\"fusion-li-icon fa-square fas\" aria-hidden=\"true\"><\/i><\/span><div class=\"fusion-li-item-content\">\n<p>Innovation<\/p>\n<\/div><\/li><li class=\"fusion-li-item\" style=\"\"><span class=\"icon-wrapper circle-no\"><i class=\"fusion-li-icon fa-square fas\" aria-hidden=\"true\"><\/i><\/span><div class=\"fusion-li-item-content\">\n<p>Team development<\/p>\n<\/div><\/li><li class=\"fusion-li-item\" style=\"\"><span class=\"icon-wrapper circle-no\"><i class=\"fusion-li-icon fa-square fas\" aria-hidden=\"true\"><\/i><\/span><div class=\"fusion-li-item-content\">\n<p>Coaching<\/p>\n<\/div><\/li><li class=\"fusion-li-item\" style=\"\"><span class=\"icon-wrapper circle-no\"><i class=\"fusion-li-icon fa-square fas\" aria-hidden=\"true\"><\/i><\/span><div class=\"fusion-li-item-content\">\n<p>Working language: German \/ English<\/p>\n<\/div><\/li><\/ul><\/div><\/div><div class=\"fusion-layout-column fusion_builder_column_inner fusion-builder-nested-column-1 fusion_builder_column_inner_1_2 1_2 fusion-flex-column\" style=\"--awb-bg-size:cover;--awb-width-large:50%;--awb-margin-top-large:0px;--awb-spacing-right-large:0px;--awb-margin-bottom-large:20px;--awb-spacing-left-large:0px;--awb-width-medium:50%;--awb-order-medium:0;--awb-spacing-right-medium:0px;--awb-spacing-left-medium:0px;--awb-width-small:100%;--awb-order-small:0;--awb-spacing-right-small:0px;--awb-spacing-left-small:0px;\"><div class=\"fusion-column-wrapper fusion-column-has-shadow fusion-flex-justify-content-flex-start fusion-content-layout-column\"><div class=\"fusion-text fusion-text-3 fusion-text-no-margin\" style=\"--awb-text-transform:none;--awb-margin-bottom:0px;\"><p><strong>Milestones<\/strong><\/p>\n<\/div><ul style=\"--awb-line-height:27.2px;--awb-icon-width:27.2px;--awb-icon-height:27.2px;--awb-icon-margin:11.2px;--awb-content-margin:38.4px;\" class=\"fusion-checklist fusion-checklist-2 fusion-checklist-default type-icons\"><li class=\"fusion-li-item\" style=\"\"><span class=\"icon-wrapper circle-no\"><i class=\"fusion-li-icon fa-square-full fas\" aria-hidden=\"true\"><\/i><\/span><div class=\"fusion-li-item-content\">\n<p>Verbund<\/p>\n<\/div><\/li><li class=\"fusion-li-item\" style=\"\"><span class=\"icon-wrapper circle-no\"><i class=\"fusion-li-icon fa-square-full fas\" aria-hidden=\"true\"><\/i><\/span><div class=\"fusion-li-item-content\">\n<p>\u00d6BB<\/p>\n<\/div><\/li><li class=\"fusion-li-item\" style=\"\"><span class=\"icon-wrapper circle-no\"><i class=\"fusion-li-icon fa-square-full fas\" aria-hidden=\"true\"><\/i><\/span><div class=\"fusion-li-item-content\">\n<p>Innovation consulting<\/p>\n<\/div><\/li><li class=\"fusion-li-item\" style=\"\"><span class=\"icon-wrapper circle-no\"><i class=\"fusion-li-icon fa-square-full fas\" aria-hidden=\"true\"><\/i><\/span><div class=\"fusion-li-item-content\">\n<p>Coaching training<\/p>\n<\/div><\/li><\/ul><\/div><\/div><\/div><div class=\"fusion-separator fusion-full-width-sep\" style=\"align-self: center;margin-left: auto;margin-right: auto;margin-top:20px;width:100%;\"><\/div><div class=\"fusion-text fusion-text-4 fusion-text-no-margin\" style=\"--awb-text-transform:none;--awb-margin-bottom:0px;\"><p><strong>Personal life<\/strong><\/p>\n<\/div><ul style=\"--awb-line-height:27.2px;--awb-icon-width:27.2px;--awb-icon-height:27.2px;--awb-icon-margin:11.2px;--awb-content-margin:38.4px;\" class=\"fusion-checklist fusion-checklist-3 fusion-checklist-default type-icons\"><li class=\"fusion-li-item\" style=\"\"><span class=\"icon-wrapper circle-no\"><i class=\"fusion-li-icon fa-square fas\" aria-hidden=\"true\"><\/i><\/span><div class=\"fusion-li-item-content\">\n<p>Born in Sweden, grew up in Salzburg, studied in Vienna<\/p>\n<p>Loves spending her free time with her children and in nature<\/p>\n<\/div><\/li><\/ul><\/div><\/div><div class=\"fusion-layout-column fusion_builder_column fusion-builder-column-1 fusion_builder_column_1_2 1_2 fusion-flex-column\" style=\"--awb-bg-size:cover;--awb-width-large:50%;--awb-margin-top-large:0px;--awb-spacing-right-large:0px;--awb-margin-bottom-large:20px;--awb-spacing-left-large:0px;--awb-width-medium:50%;--awb-order-medium:0;--awb-spacing-right-medium:0px;--awb-spacing-left-medium:0px;--awb-width-small:100%;--awb-order-small:0;--awb-spacing-right-small:0px;--awb-spacing-left-small:0px;\"><div class=\"fusion-column-wrapper fusion-column-has-shadow fusion-flex-justify-content-flex-start fusion-content-layout-column\"><div class=\"fusion-image-carousel fusion-image-carousel-auto fusion-image-carousel-1\"><div class=\"awb-carousel awb-swiper awb-swiper-carousel awb-carousel--carousel awb-swiper-dots-position-bottom\" data-layout=\"carousel\" data-autoplay=\"no\" data-autoplayspeed=\"2500\" data-autoplaypause=\"no\" data-loop=\"yes\" data-columns=\"1\" data-columnsmedium=\"1\" data-columnssmall=\"1\" data-itemmargin=\"13\" data-itemwidth=\"180\" data-touchscroll=\"no\" data-freemode=\"no\" data-imagesize=\"auto\" data-scrollitems=\"0\" data-centeredslides=\"no\" data-rotationangle=\"50\" data-depth=\"100\" data-speed=\"500\" data-shadow=\"no\" data-pagination=\"bullets\" style=\"--awb-columns:1;\"><div class=\"swiper-wrapper awb-image-carousel-wrapper fusion-flex-align-items-center\"><div class=\"swiper-slide\"><div class=\"fusion-carousel-item-wrapper\"><div class=\"fusion-image-wrapper hover-type-none\"><img decoding=\"async\" width=\"1000\" height=\"572\" src=\"https:\/\/loewenstein.at\/wp-content\/uploads\/2024\/01\/Maria-Seifert-Gasteiger_DSF0113.jpg\" class=\"attachment-full size-full lazyload\" alt=\"\" srcset=\"data:image\/svg+xml,%3Csvg%20xmlns%3D%27http%3A%2F%2Fwww.w3.org%2F2000%2Fsvg%27%20width%3D%271000%27%20height%3D%27572%27%20viewBox%3D%270%200%201000%20572%27%3E%3Crect%20width%3D%271000%27%20height%3D%27572%27%20fill-opacity%3D%220%22%2F%3E%3C%2Fsvg%3E\" data-orig-src=\"https:\/\/loewenstein.at\/wp-content\/uploads\/2024\/01\/Maria-Seifert-Gasteiger_DSF0113.jpg\" data-srcset=\"https:\/\/loewenstein.at\/wp-content\/uploads\/2024\/01\/Maria-Seifert-Gasteiger_DSF0113-200x114.jpg 200w, https:\/\/loewenstein.at\/wp-content\/uploads\/2024\/01\/Maria-Seifert-Gasteiger_DSF0113-300x172.jpg 300w, https:\/\/loewenstein.at\/wp-content\/uploads\/2024\/01\/Maria-Seifert-Gasteiger_DSF0113-400x229.jpg 400w, https:\/\/loewenstein.at\/wp-content\/uploads\/2024\/01\/Maria-Seifert-Gasteiger_DSF0113-600x343.jpg 600w, https:\/\/loewenstein.at\/wp-content\/uploads\/2024\/01\/Maria-Seifert-Gasteiger_DSF0113-768x439.jpg 768w, https:\/\/loewenstein.at\/wp-content\/uploads\/2024\/01\/Maria-Seifert-Gasteiger_DSF0113-800x458.jpg 800w, https:\/\/loewenstein.at\/wp-content\/uploads\/2024\/01\/Maria-Seifert-Gasteiger_DSF0113.jpg 1000w\" data-sizes=\"auto\" \/><\/div><\/div><\/div><\/div><div class=\"awb-swiper-button awb-swiper-button-prev\"><i class=\"awb-icon-angle-left\" aria-hidden=\"true\"><\/i><\/div><div class=\"awb-swiper-button awb-swiper-button-next\"><i class=\"awb-icon-angle-right\" aria-hidden=\"true\"><\/i><\/div><\/div><\/div><\/div><\/div><\/div><\/div>\n","protected":false},"excerpt":{"rendered":"","protected":false},"author":4,"featured_media":2183,"parent":2376,"menu_order":0,"comment_status":"closed","ping_status":"closed","template":"100-width.php","meta":{"footnotes":""},"class_list":["post-2431","page","type-page","status-publish","has-post-thumbnail","hentry"],"yoast_head":"<!-- This site is optimized with the Yoast SEO plugin v27.5 - https:\/\/yoast.com\/product\/yoast-seo-wordpress\/ -->\n<title>Mag. Maria Seifert | L\u00f6wenstein Management Consulting<\/title>\n<meta name=\"description\" content=\"\u25ba L\u00f6wenstein steht f\u00fcr F\u00fchrungskr\u00e4fte-, Strategie, Organisations- und Team-Entwicklung sowie Coaching. F\u00fchrung f\u00fchrt zu Erfolg \u2713\u2713\u2713\" \/>\n<meta name=\"robots\" content=\"index, follow, max-snippet:-1, max-image-preview:large, max-video-preview:-1\" \/>\n<link rel=\"canonical\" href=\"https:\/\/loewenstein.at\/en\/das-team\/mag-maria-seifert\/\" \/>\n<meta property=\"og:locale\" content=\"en_US\" \/>\n<meta property=\"og:type\" content=\"article\" \/>\n<meta property=\"og:title\" content=\"Mag. Maria Seifert | L\u00f6wenstein Management Consulting\" \/>\n<meta property=\"og:description\" content=\"\u25ba L\u00f6wenstein steht f\u00fcr F\u00fchrungskr\u00e4fte-, Strategie, Organisations- und Team-Entwicklung sowie Coaching. F\u00fchrung f\u00fchrt zu Erfolg \u2713\u2713\u2713\" \/>\n<meta property=\"og:url\" content=\"https:\/\/loewenstein.at\/en\/das-team\/mag-maria-seifert\/\" \/>\n<meta property=\"og:site_name\" content=\"L\u00f6wenstein Management Consulting\" \/>\n<meta property=\"article:modified_time\" content=\"2024-03-26T10:15:45+00:00\" \/>\n<meta property=\"og:image\" content=\"https:\/\/loewenstein.at\/wp-content\/uploads\/2024\/01\/Maria-Seifert-Gasteiger_DSF0113.jpg\" \/>\n\t<meta property=\"og:image:width\" content=\"1000\" \/>\n\t<meta property=\"og:image:height\" content=\"572\" \/>\n\t<meta property=\"og:image:type\" content=\"image\/jpeg\" \/>\n<meta name=\"twitter:card\" content=\"summary_large_image\" \/>\n<meta name=\"twitter:label1\" content=\"Est. reading time\" \/>\n\t<meta name=\"twitter:data1\" content=\"1 minute\" \/>\n<script type=\"application\/ld+json\" class=\"yoast-schema-graph\">{\"@context\":\"https:\\\/\\\/schema.org\",\"@graph\":[{\"@type\":\"WebPage\",\"@id\":\"https:\\\/\\\/loewenstein.at\\\/en\\\/das-team\\\/mag-maria-seifert\\\/\",\"url\":\"https:\\\/\\\/loewenstein.at\\\/en\\\/das-team\\\/mag-maria-seifert\\\/\",\"name\":\"Mag. Maria Seifert | L\u00f6wenstein Management Consulting\",\"isPartOf\":{\"@id\":\"https:\\\/\\\/loewenstein.at\\\/en\\\/#website\"},\"primaryImageOfPage\":{\"@id\":\"https:\\\/\\\/loewenstein.at\\\/en\\\/das-team\\\/mag-maria-seifert\\\/#primaryimage\"},\"image\":{\"@id\":\"https:\\\/\\\/loewenstein.at\\\/en\\\/das-team\\\/mag-maria-seifert\\\/#primaryimage\"},\"thumbnailUrl\":\"https:\\\/\\\/loewenstein.at\\\/wp-content\\\/uploads\\\/2024\\\/01\\\/Maria-Seifert-Gasteiger_DSF0113.jpg\",\"datePublished\":\"2024-01-08T15:21:15+00:00\",\"dateModified\":\"2024-03-26T10:15:45+00:00\",\"description\":\"\u25ba L\u00f6wenstein steht f\u00fcr F\u00fchrungskr\u00e4fte-, Strategie, Organisations- und Team-Entwicklung sowie Coaching. F\u00fchrung f\u00fchrt zu Erfolg \u2713\u2713\u2713\",\"breadcrumb\":{\"@id\":\"https:\\\/\\\/loewenstein.at\\\/en\\\/das-team\\\/mag-maria-seifert\\\/#breadcrumb\"},\"inLanguage\":\"en-US\",\"potentialAction\":[{\"@type\":\"ReadAction\",\"target\":[\"https:\\\/\\\/loewenstein.at\\\/en\\\/das-team\\\/mag-maria-seifert\\\/\"]}]},{\"@type\":\"ImageObject\",\"inLanguage\":\"en-US\",\"@id\":\"https:\\\/\\\/loewenstein.at\\\/en\\\/das-team\\\/mag-maria-seifert\\\/#primaryimage\",\"url\":\"https:\\\/\\\/loewenstein.at\\\/wp-content\\\/uploads\\\/2024\\\/01\\\/Maria-Seifert-Gasteiger_DSF0113.jpg\",\"contentUrl\":\"https:\\\/\\\/loewenstein.at\\\/wp-content\\\/uploads\\\/2024\\\/01\\\/Maria-Seifert-Gasteiger_DSF0113.jpg\",\"width\":1000,\"height\":572},{\"@type\":\"BreadcrumbList\",\"@id\":\"https:\\\/\\\/loewenstein.at\\\/en\\\/das-team\\\/mag-maria-seifert\\\/#breadcrumb\",\"itemListElement\":[{\"@type\":\"ListItem\",\"position\":1,\"name\":\"Startseite\",\"item\":\"https:\\\/\\\/loewenstein.at\\\/en\\\/\"},{\"@type\":\"ListItem\",\"position\":2,\"name\":\"The team\",\"item\":\"https:\\\/\\\/loewenstein.at\\\/en\\\/das-team\\\/\"},{\"@type\":\"ListItem\",\"position\":3,\"name\":\"Mag. Maria Seifert\"}]},{\"@type\":\"WebSite\",\"@id\":\"https:\\\/\\\/loewenstein.at\\\/en\\\/#website\",\"url\":\"https:\\\/\\\/loewenstein.at\\\/en\\\/\",\"name\":\"L\u00f6wenstein Management Consulting\",\"description\":\"F\u00fchrung - Management - Coaching\",\"publisher\":{\"@id\":\"https:\\\/\\\/loewenstein.at\\\/en\\\/#organization\"},\"potentialAction\":[{\"@type\":\"SearchAction\",\"target\":{\"@type\":\"EntryPoint\",\"urlTemplate\":\"https:\\\/\\\/loewenstein.at\\\/en\\\/?s={search_term_string}\"},\"query-input\":{\"@type\":\"PropertyValueSpecification\",\"valueRequired\":true,\"valueName\":\"search_term_string\"}}],\"inLanguage\":\"en-US\"},{\"@type\":\"Organization\",\"@id\":\"https:\\\/\\\/loewenstein.at\\\/en\\\/#organization\",\"name\":\"L\u00f6wenstein Management Consulting\",\"url\":\"https:\\\/\\\/loewenstein.at\\\/en\\\/\",\"logo\":{\"@type\":\"ImageObject\",\"inLanguage\":\"en-US\",\"@id\":\"https:\\\/\\\/loewenstein.at\\\/en\\\/#\\\/schema\\\/logo\\\/image\\\/\",\"url\":\"https:\\\/\\\/loewenstein.at\\\/wp-content\\\/uploads\\\/2021\\\/02\\\/loewenstein-logo-200-1.png\",\"contentUrl\":\"https:\\\/\\\/loewenstein.at\\\/wp-content\\\/uploads\\\/2021\\\/02\\\/loewenstein-logo-200-1.png\",\"width\":200,\"height\":200,\"caption\":\"L\u00f6wenstein Management Consulting\"},\"image\":{\"@id\":\"https:\\\/\\\/loewenstein.at\\\/en\\\/#\\\/schema\\\/logo\\\/image\\\/\"}}]}<\/script>\n<!-- \/ Yoast SEO plugin. -->","yoast_head_json":{"title":"Mag. Maria Seifert | L\u00f6wenstein Management Consulting","description":"\u25ba L\u00f6wenstein steht f\u00fcr F\u00fchrungskr\u00e4fte-, Strategie, Organisations- und Team-Entwicklung sowie Coaching. F\u00fchrung f\u00fchrt zu Erfolg \u2713\u2713\u2713","robots":{"index":"index","follow":"follow","max-snippet":"max-snippet:-1","max-image-preview":"max-image-preview:large","max-video-preview":"max-video-preview:-1"},"canonical":"https:\/\/loewenstein.at\/en\/das-team\/mag-maria-seifert\/","og_locale":"en_US","og_type":"article","og_title":"Mag. Maria Seifert | L\u00f6wenstein Management Consulting","og_description":"\u25ba L\u00f6wenstein steht f\u00fcr F\u00fchrungskr\u00e4fte-, Strategie, Organisations- und Team-Entwicklung sowie Coaching. F\u00fchrung f\u00fchrt zu Erfolg \u2713\u2713\u2713","og_url":"https:\/\/loewenstein.at\/en\/das-team\/mag-maria-seifert\/","og_site_name":"L\u00f6wenstein Management Consulting","article_modified_time":"2024-03-26T10:15:45+00:00","og_image":[{"width":1000,"height":572,"url":"https:\/\/loewenstein.at\/wp-content\/uploads\/2024\/01\/Maria-Seifert-Gasteiger_DSF0113.jpg","type":"image\/jpeg"}],"twitter_card":"summary_large_image","twitter_misc":{"Est. reading time":"1 minute"},"schema":{"@context":"https:\/\/schema.org","@graph":[{"@type":"WebPage","@id":"https:\/\/loewenstein.at\/en\/das-team\/mag-maria-seifert\/","url":"https:\/\/loewenstein.at\/en\/das-team\/mag-maria-seifert\/","name":"Mag. Maria Seifert | L\u00f6wenstein Management Consulting","isPartOf":{"@id":"https:\/\/loewenstein.at\/en\/#website"},"primaryImageOfPage":{"@id":"https:\/\/loewenstein.at\/en\/das-team\/mag-maria-seifert\/#primaryimage"},"image":{"@id":"https:\/\/loewenstein.at\/en\/das-team\/mag-maria-seifert\/#primaryimage"},"thumbnailUrl":"https:\/\/loewenstein.at\/wp-content\/uploads\/2024\/01\/Maria-Seifert-Gasteiger_DSF0113.jpg","datePublished":"2024-01-08T15:21:15+00:00","dateModified":"2024-03-26T10:15:45+00:00","description":"\u25ba L\u00f6wenstein steht f\u00fcr F\u00fchrungskr\u00e4fte-, Strategie, Organisations- und Team-Entwicklung sowie Coaching. F\u00fchrung f\u00fchrt zu Erfolg \u2713\u2713\u2713","breadcrumb":{"@id":"https:\/\/loewenstein.at\/en\/das-team\/mag-maria-seifert\/#breadcrumb"},"inLanguage":"en-US","potentialAction":[{"@type":"ReadAction","target":["https:\/\/loewenstein.at\/en\/das-team\/mag-maria-seifert\/"]}]},{"@type":"ImageObject","inLanguage":"en-US","@id":"https:\/\/loewenstein.at\/en\/das-team\/mag-maria-seifert\/#primaryimage","url":"https:\/\/loewenstein.at\/wp-content\/uploads\/2024\/01\/Maria-Seifert-Gasteiger_DSF0113.jpg","contentUrl":"https:\/\/loewenstein.at\/wp-content\/uploads\/2024\/01\/Maria-Seifert-Gasteiger_DSF0113.jpg","width":1000,"height":572},{"@type":"BreadcrumbList","@id":"https:\/\/loewenstein.at\/en\/das-team\/mag-maria-seifert\/#breadcrumb","itemListElement":[{"@type":"ListItem","position":1,"name":"Startseite","item":"https:\/\/loewenstein.at\/en\/"},{"@type":"ListItem","position":2,"name":"The team","item":"https:\/\/loewenstein.at\/en\/das-team\/"},{"@type":"ListItem","position":3,"name":"Mag. Maria Seifert"}]},{"@type":"WebSite","@id":"https:\/\/loewenstein.at\/en\/#website","url":"https:\/\/loewenstein.at\/en\/","name":"L\u00f6wenstein Management Consulting","description":"F\u00fchrung - Management - Coaching","publisher":{"@id":"https:\/\/loewenstein.at\/en\/#organization"},"potentialAction":[{"@type":"SearchAction","target":{"@type":"EntryPoint","urlTemplate":"https:\/\/loewenstein.at\/en\/?s={search_term_string}"},"query-input":{"@type":"PropertyValueSpecification","valueRequired":true,"valueName":"search_term_string"}}],"inLanguage":"en-US"},{"@type":"Organization","@id":"https:\/\/loewenstein.at\/en\/#organization","name":"L\u00f6wenstein Management Consulting","url":"https:\/\/loewenstein.at\/en\/","logo":{"@type":"ImageObject","inLanguage":"en-US","@id":"https:\/\/loewenstein.at\/en\/#\/schema\/logo\/image\/","url":"https:\/\/loewenstein.at\/wp-content\/uploads\/2021\/02\/loewenstein-logo-200-1.png","contentUrl":"https:\/\/loewenstein.at\/wp-content\/uploads\/2021\/02\/loewenstein-logo-200-1.png","width":200,"height":200,"caption":"L\u00f6wenstein Management Consulting"},"image":{"@id":"https:\/\/loewenstein.at\/en\/#\/schema\/logo\/image\/"}}]}},"_links":{"self":[{"href":"https:\/\/loewenstein.at\/en\/wp-json\/wp\/v2\/pages\/2431","targetHints":{"allow":["GET"]}}],"collection":[{"href":"https:\/\/loewenstein.at\/en\/wp-json\/wp\/v2\/pages"}],"about":[{"href":"https:\/\/loewenstein.at\/en\/wp-json\/wp\/v2\/types\/page"}],"author":[{"embeddable":true,"href":"https:\/\/loewenstein.at\/en\/wp-json\/wp\/v2\/users\/4"}],"replies":[{"embeddable":true,"href":"https:\/\/loewenstein.at\/en\/wp-json\/wp\/v2\/comments?post=2431"}],"version-history":[{"count":2,"href":"https:\/\/loewenstein.at\/en\/wp-json\/wp\/v2\/pages\/2431\/revisions"}],"predecessor-version":[{"id":2526,"href":"https:\/\/loewenstein.at\/en\/wp-json\/wp\/v2\/pages\/2431\/revisions\/2526"}],"up":[{"embeddable":true,"href":"https:\/\/loewenstein.at\/en\/wp-json\/wp\/v2\/pages\/2376"}],"wp:featuredmedia":[{"embeddable":true,"href":"https:\/\/loewenstein.at\/en\/wp-json\/wp\/v2\/media\/2183"}],"wp:attachment":[{"href":"https:\/\/loewenstein.at\/en\/wp-json\/wp\/v2\/media?parent=2431"}],"curies":[{"name":"wp","href":"https:\/\/api.w.org\/{rel}","templated":true}]}}