{"id":2429,"date":"2022-03-08T10:07:17","date_gmt":"2022-03-08T09:07:17","guid":{"rendered":"https:\/\/loewenstein.at\/?page_id=2429"},"modified":"2024-03-26T11:10:17","modified_gmt":"2024-03-26T10:10:17","slug":"mag-barbara-schopper","status":"publish","type":"page","link":"https:\/\/loewenstein.at\/en\/das-team\/mag-barbara-schopper\/","title":{"rendered":"Mag. Barbara Schopper"},"content":{"rendered":"<div class=\"fusion-fullwidth fullwidth-box fusion-builder-row-1 fusion-flex-container hundred-percent-fullwidth non-hundred-percent-height-scrolling\" style=\"--awb-border-radius-top-left:0px;--awb-border-radius-top-right:0px;--awb-border-radius-bottom-right:0px;--awb-border-radius-bottom-left:0px;--awb-padding-top:0px;--awb-padding-bottom:0px;--awb-flex-wrap:wrap;\" ><div class=\"fusion-builder-row fusion-row fusion-flex-align-items-stretch fusion-flex-content-wrap\" style=\"width:calc( 100% + 0px ) !important;max-width:calc( 100% + 0px ) !important;margin-left: calc(-0px \/ 2 );margin-right: calc(-0px \/ 2 );\"><div class=\"fusion-layout-column fusion_builder_column fusion-builder-column-0 fusion_builder_column_1_2 1_2 fusion-flex-column\" style=\"--awb-padding-right:7%;--awb-padding-left:7%;--awb-bg-size:cover;--awb-width-large:50%;--awb-margin-top-large:0px;--awb-spacing-right-large:0px;--awb-margin-bottom-large:0px;--awb-spacing-left-large:0px;--awb-width-medium:50%;--awb-order-medium:0;--awb-spacing-right-medium:0px;--awb-spacing-left-medium:0px;--awb-width-small:100%;--awb-order-small:0;--awb-spacing-right-small:0px;--awb-spacing-left-small:0px;\"><div class=\"fusion-column-wrapper fusion-column-has-shadow fusion-flex-justify-content-flex-start fusion-content-layout-column\"><div class=\"fusion-title title fusion-title-1 fusion-sep-none fusion-title-text fusion-title-size-two\" style=\"--awb-margin-top-small:10px;--awb-margin-right-small:0px;--awb-margin-bottom-small:10px;--awb-margin-left-small:0px;\"><h2 class=\"fusion-title-heading title-heading-left fusion-responsive-typography-calculated\" style=\"margin:0;--fontSize:28;line-height:1.3;\"><strong>Barbara Schopper<\/strong><\/h2><\/div><div class=\"fusion-text fusion-text-1 fusion-text-no-margin\" style=\"--awb-text-transform:none;--awb-margin-bottom:0px;\"><p><strong>For many years she has coached people through career transitions and advised companies on HR issues.<\/strong><\/p>\n<p>She started her career at the Vienna University of Economics and Business Administration, where she supported young academics in their career start. She gained her broad knowledge of HR issues in the HR department at Philipps. As a partner in an executive search firm, she has helped many specialists and managers find the right job and supported companies in recruiting the right employees.<\/p>\n<\/div><div class=\"fusion-separator fusion-full-width-sep\" style=\"align-self: center;margin-left: auto;margin-right: auto;margin-top:20px;width:100%;\"><\/div><div class=\"fusion-builder-row fusion-builder-row-inner fusion-row fusion-flex-align-items-stretch fusion-flex-content-wrap\" style=\"--awb-flex-grow:0;--awb-flex-grow-medium:0;--awb-flex-grow-small:0;--awb-flex-shrink:0;--awb-flex-shrink-medium:0;--awb-flex-shrink-small:0;width:calc( 100% + 0px ) !important;max-width:calc( 100% + 0px ) !important;margin-left: calc(-0px \/ 2 );margin-right: calc(-0px \/ 2 );\"><div class=\"fusion-layout-column fusion_builder_column_inner fusion-builder-nested-column-0 fusion_builder_column_inner_1_2 1_2 fusion-flex-column\" style=\"--awb-bg-size:cover;--awb-width-large:50%;--awb-margin-top-large:0px;--awb-spacing-right-large:0px;--awb-margin-bottom-large:20px;--awb-spacing-left-large:0px;--awb-width-medium:50%;--awb-order-medium:0;--awb-spacing-right-medium:0px;--awb-spacing-left-medium:0px;--awb-width-small:100%;--awb-order-small:0;--awb-spacing-right-small:0px;--awb-spacing-left-small:0px;\"><div class=\"fusion-column-wrapper fusion-column-has-shadow fusion-flex-justify-content-flex-start fusion-content-layout-column\"><div class=\"fusion-text fusion-text-2 fusion-text-no-margin\" style=\"--awb-text-transform:none;--awb-margin-bottom:0px;\"><p><strong>Special expertise<\/strong><\/p>\n<\/div><ul style=\"--awb-line-height:27.2px;--awb-icon-width:27.2px;--awb-icon-height:27.2px;--awb-icon-margin:11.2px;--awb-content-margin:38.4px;\" class=\"fusion-checklist fusion-checklist-1 fusion-checklist-default type-icons\"><li class=\"fusion-li-item\" style=\"\"><span class=\"icon-wrapper circle-no\"><i class=\"fusion-li-icon fa-square fas\" aria-hidden=\"true\"><\/i><\/span><div class=\"fusion-li-item-content\">\n<p>Consulting on human resource management issues<\/p>\n<\/div><\/li><li class=\"fusion-li-item\" style=\"\"><span class=\"icon-wrapper circle-no\"><i class=\"fusion-li-icon fa-square fas\" aria-hidden=\"true\"><\/i><\/span><div class=\"fusion-li-item-content\">\n<p>Job coaching for career development and professional change<\/p>\n<\/div><\/li><li class=\"fusion-li-item\" style=\"\"><span class=\"icon-wrapper circle-no\"><i class=\"fusion-li-icon fa-square fas\" aria-hidden=\"true\"><\/i><\/span><div class=\"fusion-li-item-content\">\n<p>Team and individual supervision<\/p>\n<\/div><\/li><li class=\"fusion-li-item\" style=\"\"><span class=\"icon-wrapper circle-no\"><i class=\"fusion-li-icon fa-square fas\" aria-hidden=\"true\"><\/i><\/span><div class=\"fusion-li-item-content\">\n<p>Outplacement consulting<\/p>\n<\/div><\/li><li class=\"fusion-li-item\" style=\"\"><span class=\"icon-wrapper circle-no\"><i class=\"fusion-li-icon fa-square fas\" aria-hidden=\"true\"><\/i><\/span><div class=\"fusion-li-item-content\">\n<p>Potential diagnostics<\/p>\n<\/div><\/li><\/ul><\/div><\/div><div class=\"fusion-layout-column fusion_builder_column_inner fusion-builder-nested-column-1 fusion_builder_column_inner_1_2 1_2 fusion-flex-column\" style=\"--awb-bg-size:cover;--awb-width-large:50%;--awb-margin-top-large:0px;--awb-spacing-right-large:0px;--awb-margin-bottom-large:20px;--awb-spacing-left-large:0px;--awb-width-medium:50%;--awb-order-medium:0;--awb-spacing-right-medium:0px;--awb-spacing-left-medium:0px;--awb-width-small:100%;--awb-order-small:0;--awb-spacing-right-small:0px;--awb-spacing-left-small:0px;\"><div class=\"fusion-column-wrapper fusion-column-has-shadow fusion-flex-justify-content-flex-start fusion-content-layout-column\"><div class=\"fusion-text fusion-text-3 fusion-text-no-margin\" style=\"--awb-text-transform:none;--awb-margin-bottom:0px;\"><p><strong>Milestones<\/strong><\/p>\n<\/div><ul style=\"--awb-line-height:27.2px;--awb-icon-width:27.2px;--awb-icon-height:27.2px;--awb-icon-margin:11.2px;--awb-content-margin:38.4px;\" class=\"fusion-checklist fusion-checklist-2 fusion-checklist-default type-icons\"><li class=\"fusion-li-item\" style=\"\"><span class=\"icon-wrapper circle-no\"><i class=\"fusion-li-icon fa-square-full fas\" aria-hidden=\"true\"><\/i><\/span><div class=\"fusion-li-item-content\">\n<p>Self-employed consultant since 2017<\/p>\n<\/div><\/li><li class=\"fusion-li-item\" style=\"\"><span class=\"icon-wrapper circle-no\"><i class=\"fusion-li-icon fa-square-full fas\" aria-hidden=\"true\"><\/i><\/span><div class=\"fusion-li-item-content\">\n<p>Psychosocial counseling since 2018<\/p>\n<\/div><\/li><li class=\"fusion-li-item\" style=\"\"><span class=\"icon-wrapper circle-no\"><i class=\"fusion-li-icon fa-square-full fas\" aria-hidden=\"true\"><\/i><\/span><div class=\"fusion-li-item-content\">\n<p>Systemic Consulting &#8211; Training at Neuwaldegg Consulting Group<\/p>\n<\/div><\/li><li class=\"fusion-li-item\" style=\"\"><span class=\"icon-wrapper circle-no\"><i class=\"fusion-li-icon fa-square-full fas\" aria-hidden=\"true\"><\/i><\/span><div class=\"fusion-li-item-content\">\n<p>Systemic Coaching &#8211; Training at ZSFB Heidelberg<\/p>\n<\/div><\/li><li class=\"fusion-li-item\" style=\"\"><span class=\"icon-wrapper circle-no\"><i class=\"fusion-li-icon fa-square-full fas\" aria-hidden=\"true\"><\/i><\/span><div class=\"fusion-li-item-content\">\n<p>Partner in a personnel consultancy in Vienna<\/p>\n<\/div><\/li><li class=\"fusion-li-item\" style=\"\"><span class=\"icon-wrapper circle-no\"><i class=\"fusion-li-icon fa-square-full fas\" aria-hidden=\"true\"><\/i><\/span><div class=\"fusion-li-item-content\">\n<p>Human Resources Management at Philipps<\/p>\n<\/div><\/li><li class=\"fusion-li-item\" style=\"\"><span class=\"icon-wrapper circle-no\"><i class=\"fusion-li-icon fa-square-full fas\" aria-hidden=\"true\"><\/i><\/span><div class=\"fusion-li-item-content\">\n<p>University of Economics and Business in Vienna<\/p>\n<\/div><\/li><\/ul><\/div><\/div><\/div><div class=\"fusion-separator fusion-full-width-sep\" style=\"align-self: center;margin-left: auto;margin-right: auto;margin-top:20px;width:100%;\"><\/div><div class=\"fusion-text fusion-text-4 fusion-text-no-margin\" style=\"--awb-text-transform:none;--awb-margin-bottom:0px;\"><p><strong>Personal life<\/strong><\/p>\n<\/div><ul style=\"--awb-line-height:27.2px;--awb-icon-width:27.2px;--awb-icon-height:27.2px;--awb-icon-margin:11.2px;--awb-content-margin:38.4px;\" class=\"fusion-checklist fusion-checklist-3 fusion-checklist-default type-icons\"><li class=\"fusion-li-item\" style=\"\"><span class=\"icon-wrapper circle-no\"><i class=\"fusion-li-icon fa-square fas\" aria-hidden=\"true\"><\/i><\/span><div class=\"fusion-li-item-content\">\n<p>lives with her family in Vienna. In her spare time she enjoys cycling around the lakes of Carinthia on her racing bike. Is an excellent cook.<\/p>\n<\/div><\/li><\/ul><\/div><\/div><div class=\"fusion-layout-column fusion_builder_column fusion-builder-column-1 fusion_builder_column_1_2 1_2 fusion-flex-column\" style=\"--awb-padding-right:7%;--awb-padding-left:7%;--awb-bg-size:cover;--awb-width-large:50%;--awb-margin-top-large:0px;--awb-spacing-right-large:0px;--awb-margin-bottom-large:0px;--awb-spacing-left-large:0px;--awb-width-medium:50%;--awb-order-medium:0;--awb-spacing-right-medium:0px;--awb-spacing-left-medium:0px;--awb-width-small:100%;--awb-order-small:0;--awb-spacing-right-small:0px;--awb-spacing-left-small:0px;\"><div class=\"fusion-column-wrapper fusion-column-has-shadow fusion-flex-justify-content-flex-start fusion-content-layout-column\"><div class=\"fusion-image-element \" style=\"--awb-caption-title-font-family:var(--h2_typography-font-family);--awb-caption-title-font-weight:var(--h2_typography-font-weight);--awb-caption-title-font-style:var(--h2_typography-font-style);--awb-caption-title-size:var(--h2_typography-font-size);--awb-caption-title-transform:var(--h2_typography-text-transform);--awb-caption-title-line-height:var(--h2_typography-line-height);--awb-caption-title-letter-spacing:var(--h2_typography-letter-spacing);\"><span class=\" fusion-imageframe imageframe-none imageframe-1 hover-type-none\"><img decoding=\"async\" width=\"800\" height=\"1200\" title=\"5ef1cbffc8b1e6001cd71463\" src=\"https:\/\/loewenstein.at\/wp-content\/uploads\/2024\/01\/5ef1cbffc8b1e6001cd71463.jpg\" data-orig-src=\"https:\/\/loewenstein.at\/\/wp-content\/uploads\/2024\/01\/5ef1cbffc8b1e6001cd71463.jpg\" alt class=\"lazyload img-responsive wp-image-2279\" srcset=\"data:image\/svg+xml,%3Csvg%20xmlns%3D%27http%3A%2F%2Fwww.w3.org%2F2000%2Fsvg%27%20width%3D%27800%27%20height%3D%271200%27%20viewBox%3D%270%200%20800%201200%27%3E%3Crect%20width%3D%27800%27%20height%3D%271200%27%20fill-opacity%3D%220%22%2F%3E%3C%2Fsvg%3E\" data-srcset=\"https:\/\/loewenstein.at\/wp-content\/uploads\/2024\/01\/5ef1cbffc8b1e6001cd71463-200x300.jpg 200w, https:\/\/loewenstein.at\/wp-content\/uploads\/2024\/01\/5ef1cbffc8b1e6001cd71463-400x600.jpg 400w, https:\/\/loewenstein.at\/wp-content\/uploads\/2024\/01\/5ef1cbffc8b1e6001cd71463-600x900.jpg 600w, https:\/\/loewenstein.at\/wp-content\/uploads\/2024\/01\/5ef1cbffc8b1e6001cd71463.jpg 800w\" data-sizes=\"auto\" data-orig-sizes=\"(max-width: 800px) 100vw, 600px\" \/><\/span><\/div><\/div><\/div><\/div><\/div>\n","protected":false},"excerpt":{"rendered":"","protected":false},"author":4,"featured_media":0,"parent":2376,"menu_order":0,"comment_status":"closed","ping_status":"closed","template":"100-width.php","meta":{"footnotes":""},"class_list":["post-2429","page","type-page","status-publish","hentry"],"yoast_head":"<!-- This site is optimized with the Yoast SEO plugin v27.5 - https:\/\/yoast.com\/product\/yoast-seo-wordpress\/ -->\n<title>Mag. Barbara Schopper | L\u00f6wenstein Management Consulting<\/title>\n<meta name=\"description\" content=\"\u25ba L\u00f6wenstein steht f\u00fcr F\u00fchrungskr\u00e4fte-, Strategie, Organisations- und Team-Entwicklung sowie Coaching. F\u00fchrung f\u00fchrt zu Erfolg \u2713\u2713\u2713\" \/>\n<meta name=\"robots\" content=\"index, follow, max-snippet:-1, max-image-preview:large, max-video-preview:-1\" \/>\n<link rel=\"canonical\" href=\"https:\/\/loewenstein.at\/en\/das-team\/mag-barbara-schopper\/\" \/>\n<meta property=\"og:locale\" content=\"en_US\" \/>\n<meta property=\"og:type\" content=\"article\" \/>\n<meta property=\"og:title\" content=\"Mag. Barbara Schopper | L\u00f6wenstein Management Consulting\" \/>\n<meta property=\"og:description\" content=\"\u25ba L\u00f6wenstein steht f\u00fcr F\u00fchrungskr\u00e4fte-, Strategie, Organisations- und Team-Entwicklung sowie Coaching. F\u00fchrung f\u00fchrt zu Erfolg \u2713\u2713\u2713\" \/>\n<meta property=\"og:url\" content=\"https:\/\/loewenstein.at\/en\/das-team\/mag-barbara-schopper\/\" \/>\n<meta property=\"og:site_name\" content=\"L\u00f6wenstein Management Consulting\" \/>\n<meta property=\"article:modified_time\" content=\"2024-03-26T10:10:17+00:00\" \/>\n<meta property=\"og:image\" content=\"https:\/\/loewenstein.at\/wp-content\/uploads\/2021\/02\/alexander-loewenstein-unternehmens-beratung.jpg\" \/>\n\t<meta property=\"og:image:width\" content=\"1600\" \/>\n\t<meta property=\"og:image:height\" content=\"1067\" \/>\n\t<meta property=\"og:image:type\" content=\"image\/jpeg\" \/>\n<meta name=\"twitter:card\" content=\"summary_large_image\" \/>\n<meta name=\"twitter:label1\" content=\"Est. reading time\" \/>\n\t<meta name=\"twitter:data1\" content=\"2 minutes\" \/>\n<script type=\"application\/ld+json\" class=\"yoast-schema-graph\">{\"@context\":\"https:\\\/\\\/schema.org\",\"@graph\":[{\"@type\":\"WebPage\",\"@id\":\"https:\\\/\\\/loewenstein.at\\\/en\\\/das-team\\\/mag-barbara-schopper\\\/\",\"url\":\"https:\\\/\\\/loewenstein.at\\\/en\\\/das-team\\\/mag-barbara-schopper\\\/\",\"name\":\"Mag. Barbara Schopper | L\u00f6wenstein Management Consulting\",\"isPartOf\":{\"@id\":\"https:\\\/\\\/loewenstein.at\\\/en\\\/#website\"},\"datePublished\":\"2022-03-08T09:07:17+00:00\",\"dateModified\":\"2024-03-26T10:10:17+00:00\",\"description\":\"\u25ba L\u00f6wenstein steht f\u00fcr F\u00fchrungskr\u00e4fte-, Strategie, Organisations- und Team-Entwicklung sowie Coaching. F\u00fchrung f\u00fchrt zu Erfolg \u2713\u2713\u2713\",\"breadcrumb\":{\"@id\":\"https:\\\/\\\/loewenstein.at\\\/en\\\/das-team\\\/mag-barbara-schopper\\\/#breadcrumb\"},\"inLanguage\":\"en-US\",\"potentialAction\":[{\"@type\":\"ReadAction\",\"target\":[\"https:\\\/\\\/loewenstein.at\\\/en\\\/das-team\\\/mag-barbara-schopper\\\/\"]}]},{\"@type\":\"BreadcrumbList\",\"@id\":\"https:\\\/\\\/loewenstein.at\\\/en\\\/das-team\\\/mag-barbara-schopper\\\/#breadcrumb\",\"itemListElement\":[{\"@type\":\"ListItem\",\"position\":1,\"name\":\"Startseite\",\"item\":\"https:\\\/\\\/loewenstein.at\\\/en\\\/\"},{\"@type\":\"ListItem\",\"position\":2,\"name\":\"The team\",\"item\":\"https:\\\/\\\/loewenstein.at\\\/en\\\/das-team\\\/\"},{\"@type\":\"ListItem\",\"position\":3,\"name\":\"Mag. Barbara Schopper\"}]},{\"@type\":\"WebSite\",\"@id\":\"https:\\\/\\\/loewenstein.at\\\/en\\\/#website\",\"url\":\"https:\\\/\\\/loewenstein.at\\\/en\\\/\",\"name\":\"L\u00f6wenstein Management Consulting\",\"description\":\"F\u00fchrung - Management - Coaching\",\"publisher\":{\"@id\":\"https:\\\/\\\/loewenstein.at\\\/en\\\/#organization\"},\"potentialAction\":[{\"@type\":\"SearchAction\",\"target\":{\"@type\":\"EntryPoint\",\"urlTemplate\":\"https:\\\/\\\/loewenstein.at\\\/en\\\/?s={search_term_string}\"},\"query-input\":{\"@type\":\"PropertyValueSpecification\",\"valueRequired\":true,\"valueName\":\"search_term_string\"}}],\"inLanguage\":\"en-US\"},{\"@type\":\"Organization\",\"@id\":\"https:\\\/\\\/loewenstein.at\\\/en\\\/#organization\",\"name\":\"L\u00f6wenstein Management Consulting\",\"url\":\"https:\\\/\\\/loewenstein.at\\\/en\\\/\",\"logo\":{\"@type\":\"ImageObject\",\"inLanguage\":\"en-US\",\"@id\":\"https:\\\/\\\/loewenstein.at\\\/en\\\/#\\\/schema\\\/logo\\\/image\\\/\",\"url\":\"https:\\\/\\\/loewenstein.at\\\/wp-content\\\/uploads\\\/2021\\\/02\\\/loewenstein-logo-200-1.png\",\"contentUrl\":\"https:\\\/\\\/loewenstein.at\\\/wp-content\\\/uploads\\\/2021\\\/02\\\/loewenstein-logo-200-1.png\",\"width\":200,\"height\":200,\"caption\":\"L\u00f6wenstein Management Consulting\"},\"image\":{\"@id\":\"https:\\\/\\\/loewenstein.at\\\/en\\\/#\\\/schema\\\/logo\\\/image\\\/\"}}]}<\/script>\n<!-- \/ Yoast SEO plugin. -->","yoast_head_json":{"title":"Mag. Barbara Schopper | L\u00f6wenstein Management Consulting","description":"\u25ba L\u00f6wenstein steht f\u00fcr F\u00fchrungskr\u00e4fte-, Strategie, Organisations- und Team-Entwicklung sowie Coaching. F\u00fchrung f\u00fchrt zu Erfolg \u2713\u2713\u2713","robots":{"index":"index","follow":"follow","max-snippet":"max-snippet:-1","max-image-preview":"max-image-preview:large","max-video-preview":"max-video-preview:-1"},"canonical":"https:\/\/loewenstein.at\/en\/das-team\/mag-barbara-schopper\/","og_locale":"en_US","og_type":"article","og_title":"Mag. Barbara Schopper | L\u00f6wenstein Management Consulting","og_description":"\u25ba L\u00f6wenstein steht f\u00fcr F\u00fchrungskr\u00e4fte-, Strategie, Organisations- und Team-Entwicklung sowie Coaching. F\u00fchrung f\u00fchrt zu Erfolg \u2713\u2713\u2713","og_url":"https:\/\/loewenstein.at\/en\/das-team\/mag-barbara-schopper\/","og_site_name":"L\u00f6wenstein Management Consulting","article_modified_time":"2024-03-26T10:10:17+00:00","og_image":[{"width":1600,"height":1067,"url":"https:\/\/loewenstein.at\/wp-content\/uploads\/2021\/02\/alexander-loewenstein-unternehmens-beratung.jpg","type":"image\/jpeg"}],"twitter_card":"summary_large_image","twitter_misc":{"Est. reading time":"2 minutes"},"schema":{"@context":"https:\/\/schema.org","@graph":[{"@type":"WebPage","@id":"https:\/\/loewenstein.at\/en\/das-team\/mag-barbara-schopper\/","url":"https:\/\/loewenstein.at\/en\/das-team\/mag-barbara-schopper\/","name":"Mag. Barbara Schopper | L\u00f6wenstein Management Consulting","isPartOf":{"@id":"https:\/\/loewenstein.at\/en\/#website"},"datePublished":"2022-03-08T09:07:17+00:00","dateModified":"2024-03-26T10:10:17+00:00","description":"\u25ba L\u00f6wenstein steht f\u00fcr F\u00fchrungskr\u00e4fte-, Strategie, Organisations- und Team-Entwicklung sowie Coaching. F\u00fchrung f\u00fchrt zu Erfolg \u2713\u2713\u2713","breadcrumb":{"@id":"https:\/\/loewenstein.at\/en\/das-team\/mag-barbara-schopper\/#breadcrumb"},"inLanguage":"en-US","potentialAction":[{"@type":"ReadAction","target":["https:\/\/loewenstein.at\/en\/das-team\/mag-barbara-schopper\/"]}]},{"@type":"BreadcrumbList","@id":"https:\/\/loewenstein.at\/en\/das-team\/mag-barbara-schopper\/#breadcrumb","itemListElement":[{"@type":"ListItem","position":1,"name":"Startseite","item":"https:\/\/loewenstein.at\/en\/"},{"@type":"ListItem","position":2,"name":"The team","item":"https:\/\/loewenstein.at\/en\/das-team\/"},{"@type":"ListItem","position":3,"name":"Mag. Barbara Schopper"}]},{"@type":"WebSite","@id":"https:\/\/loewenstein.at\/en\/#website","url":"https:\/\/loewenstein.at\/en\/","name":"L\u00f6wenstein Management Consulting","description":"F\u00fchrung - Management - Coaching","publisher":{"@id":"https:\/\/loewenstein.at\/en\/#organization"},"potentialAction":[{"@type":"SearchAction","target":{"@type":"EntryPoint","urlTemplate":"https:\/\/loewenstein.at\/en\/?s={search_term_string}"},"query-input":{"@type":"PropertyValueSpecification","valueRequired":true,"valueName":"search_term_string"}}],"inLanguage":"en-US"},{"@type":"Organization","@id":"https:\/\/loewenstein.at\/en\/#organization","name":"L\u00f6wenstein Management Consulting","url":"https:\/\/loewenstein.at\/en\/","logo":{"@type":"ImageObject","inLanguage":"en-US","@id":"https:\/\/loewenstein.at\/en\/#\/schema\/logo\/image\/","url":"https:\/\/loewenstein.at\/wp-content\/uploads\/2021\/02\/loewenstein-logo-200-1.png","contentUrl":"https:\/\/loewenstein.at\/wp-content\/uploads\/2021\/02\/loewenstein-logo-200-1.png","width":200,"height":200,"caption":"L\u00f6wenstein Management Consulting"},"image":{"@id":"https:\/\/loewenstein.at\/en\/#\/schema\/logo\/image\/"}}]}},"_links":{"self":[{"href":"https:\/\/loewenstein.at\/en\/wp-json\/wp\/v2\/pages\/2429","targetHints":{"allow":["GET"]}}],"collection":[{"href":"https:\/\/loewenstein.at\/en\/wp-json\/wp\/v2\/pages"}],"about":[{"href":"https:\/\/loewenstein.at\/en\/wp-json\/wp\/v2\/types\/page"}],"author":[{"embeddable":true,"href":"https:\/\/loewenstein.at\/en\/wp-json\/wp\/v2\/users\/4"}],"replies":[{"embeddable":true,"href":"https:\/\/loewenstein.at\/en\/wp-json\/wp\/v2\/comments?post=2429"}],"version-history":[{"count":2,"href":"https:\/\/loewenstein.at\/en\/wp-json\/wp\/v2\/pages\/2429\/revisions"}],"predecessor-version":[{"id":2525,"href":"https:\/\/loewenstein.at\/en\/wp-json\/wp\/v2\/pages\/2429\/revisions\/2525"}],"up":[{"embeddable":true,"href":"https:\/\/loewenstein.at\/en\/wp-json\/wp\/v2\/pages\/2376"}],"wp:attachment":[{"href":"https:\/\/loewenstein.at\/en\/wp-json\/wp\/v2\/media?parent=2429"}],"curies":[{"name":"wp","href":"https:\/\/api.w.org\/{rel}","templated":true}]}}