{"id":2374,"date":"2021-02-09T11:26:23","date_gmt":"2021-02-09T10:26:23","guid":{"rendered":"https:\/\/loewenstein.at\/?page_id=2374"},"modified":"2024-03-13T17:12:53","modified_gmt":"2024-03-13T16:12:53","slug":"coaching","status":"publish","type":"page","link":"https:\/\/loewenstein.at\/en\/coaching\/","title":{"rendered":"Coaching"},"content":{"rendered":"<p><div class=\"fusion-fullwidth fullwidth-box fusion-builder-row-1 fusion-flex-container has-pattern-background has-mask-background fusion-parallax-none hundred-percent-fullwidth non-hundred-percent-height-scrolling lazyload\" style=\"--awb-border-radius-top-left:0px;--awb-border-radius-top-right:0px;--awb-border-radius-bottom-right:0px;--awb-border-radius-bottom-left:0px;--awb-padding-top:0px;--awb-padding-bottom:0px;--awb-min-height:60vh;--awb-background-color:#f9f9f9;--awb-background-size:cover;--awb-flex-wrap:wrap;\" data-bg=\"https:\/\/loewenstein.at\/\/wp-content\/uploads\/2024\/02\/Coaching_Stocksy_txp49205f0dCTt300_Medium_4192764-e1708951609636.jpg\" ><div class=\"fusion-builder-row fusion-row fusion-flex-align-items-center fusion-flex-justify-content-center fusion-flex-content-wrap\" style=\"width:calc( 100% + 0px ) !important;max-width:calc( 100% + 0px ) !important;margin-left: calc(-0px \/ 2 );margin-right: calc(-0px \/ 2 );\"><div class=\"fusion-layout-column fusion_builder_column fusion-builder-column-0 fusion_builder_column_1_1 1_1 fusion-flex-column\" style=\"--awb-bg-position:center center;--awb-bg-size:cover;--awb-width-large:100%;--awb-margin-top-large:0px;--awb-spacing-right-large:0px;--awb-margin-bottom-large:0px;--awb-spacing-left-large:0px;--awb-width-medium:100%;--awb-order-medium:0;--awb-spacing-right-medium:0px;--awb-spacing-left-medium:0px;--awb-width-small:100%;--awb-order-small:0;--awb-spacing-right-small:0px;--awb-spacing-left-small:0px;\" data-scroll-devices=\"small-visibility,medium-visibility,large-visibility\"><div class=\"fusion-column-wrapper fusion-column-has-shadow fusion-flex-justify-content-flex-start fusion-content-layout-column\"><\/div><\/div><\/div><\/div><div class=\"fusion-fullwidth fullwidth-box fusion-builder-row-2 fusion-flex-container has-pattern-background has-mask-background hundred-percent-fullwidth non-hundred-percent-height-scrolling\" style=\"--awb-border-radius-top-left:0px;--awb-border-radius-top-right:0px;--awb-border-radius-bottom-right:0px;--awb-border-radius-bottom-left:0px;--awb-background-color:#f9f9f9;--awb-flex-wrap:wrap;\" ><div class=\"fusion-builder-row fusion-row fusion-flex-align-items-center fusion-flex-content-wrap\" style=\"width:calc( 100% + 0px ) !important;max-width:calc( 100% + 0px ) !important;margin-left: calc(-0px \/ 2 );margin-right: calc(-0px \/ 2 );\"><div class=\"fusion-layout-column fusion_builder_column fusion-builder-column-1 fusion_builder_column_3_5 3_5 fusion-flex-column\" style=\"--awb-padding-right:7%;--awb-padding-left:7%;--awb-bg-size:cover;--awb-width-large:60%;--awb-margin-top-large:0px;--awb-spacing-right-large:0px;--awb-margin-bottom-large:20px;--awb-spacing-left-large:0px;--awb-width-medium:60%;--awb-order-medium:0;--awb-spacing-right-medium:0px;--awb-spacing-left-medium:0px;--awb-width-small:100%;--awb-order-small:0;--awb-spacing-right-small:0px;--awb-spacing-left-small:0px;\" data-scroll-devices=\"small-visibility,medium-visibility,large-visibility\"><div class=\"fusion-column-wrapper fusion-column-has-shadow fusion-flex-justify-content-flex-start fusion-content-layout-column\"><div class=\"fusion-title title fusion-title-1 fusion-sep-none fusion-title-text fusion-title-size-one\" style=\"--awb-margin-top-small:10px;--awb-margin-right-small:0px;--awb-margin-bottom-small:10px;--awb-margin-left-small:0px;\"><h1 class=\"fusion-title-heading title-heading-left fusion-responsive-typography-calculated\" style=\"margin:0;--fontSize:32;line-height:1.3;\">It&#8217;s good to have someone by your side<\/h1><\/div><\/div><\/div><div class=\"fusion-layout-column fusion_builder_column fusion-builder-column-2 fusion_builder_column_3_5 3_5 fusion-flex-column\" style=\"--awb-padding-right:7%;--awb-padding-left:7%;--awb-bg-size:cover;--awb-width-large:60%;--awb-margin-top-large:0px;--awb-spacing-right-large:0px;--awb-margin-bottom-large:20px;--awb-spacing-left-large:0px;--awb-width-medium:60%;--awb-order-medium:0;--awb-spacing-right-medium:0px;--awb-spacing-left-medium:0px;--awb-width-small:100%;--awb-order-small:0;--awb-spacing-right-small:0px;--awb-spacing-left-small:0px;\" data-scroll-devices=\"small-visibility,medium-visibility,large-visibility\"><div class=\"fusion-column-wrapper fusion-column-has-shadow fusion-flex-justify-content-flex-start fusion-content-layout-column\"><div class=\"fusion-text fusion-text-1\" style=\"--awb-text-transform:none;\"><p>Very personal and individual topics can be discussed in coaching. For example, how to cope with changes or handle situations. Whether you are starting a new role, dealing with acute issues or as an ongoing reflection. As a coachee, you bring the issues that concern you and that you want to discuss in confidence outside the organisation.<\/p>\n<p>Sometimes something is vague and needs to be clarified. Sometimes it&#8217;s about knowing how to do something &#8211; then we are at your side with experience and advice. For us, coaching means clarifying, developing options, thinking things through together and playing through how it feels to act in one way or another.<\/p>\n<p>Let us help you find the right coach for you.<\/p>\n<\/div><\/div><\/div><div class=\"fusion-layout-column fusion_builder_column fusion-builder-column-3 fusion_builder_column_2_5 2_5 fusion-flex-column\" style=\"--awb-padding-right:7%;--awb-padding-left:7%;--awb-bg-size:cover;--awb-width-large:40%;--awb-margin-top-large:0px;--awb-spacing-right-large:0px;--awb-margin-bottom-large:20px;--awb-spacing-left-large:0px;--awb-width-medium:40%;--awb-order-medium:0;--awb-spacing-right-medium:0px;--awb-spacing-left-medium:0px;--awb-width-small:100%;--awb-order-small:0;--awb-spacing-right-small:0px;--awb-spacing-left-small:0px;\" data-scroll-devices=\"small-visibility,medium-visibility,large-visibility\"><div class=\"fusion-column-wrapper fusion-column-has-shadow fusion-flex-justify-content-flex-start fusion-content-layout-column\"><div ><a class=\"fusion-button button-flat fusion-button-default-size button-default fusion-button-default button-1 fusion-button-default-span fusion-button-default-type\" target=\"_self\" href=\"https:\/\/loewenstein.at\/\/kontakt\/\"><span class=\"fusion-button-text awb-button__text awb-button__text--default\">Make an appointment now<\/span><\/a><\/div><\/div><\/div><div class=\"fusion-layout-column fusion_builder_column fusion-builder-column-4 fusion_builder_column_1_1 1_1 fusion-flex-column\" style=\"--awb-bg-position:center center;--awb-bg-size:cover;--awb-width-large:100%;--awb-margin-top-large:0px;--awb-spacing-right-large:0px;--awb-margin-bottom-large:0px;--awb-spacing-left-large:0px;--awb-width-medium:100%;--awb-order-medium:0;--awb-spacing-right-medium:0px;--awb-spacing-left-medium:0px;--awb-width-small:100%;--awb-order-small:0;--awb-spacing-right-small:0px;--awb-spacing-left-small:0px;\" data-scroll-devices=\"small-visibility,medium-visibility,large-visibility\"><div class=\"fusion-column-wrapper fusion-column-has-shadow fusion-flex-justify-content-flex-start fusion-content-layout-column\"><\/div><\/div><\/div><\/div><div class=\"fusion-fullwidth fullwidth-box fusion-builder-row-3 fusion-flex-container has-pattern-background has-mask-background nonhundred-percent-fullwidth non-hundred-percent-height-scrolling\" style=\"--awb-border-radius-top-left:0px;--awb-border-radius-top-right:0px;--awb-border-radius-bottom-right:0px;--awb-border-radius-bottom-left:0px;--awb-padding-top:4%;--awb-padding-right:30px;--awb-padding-bottom:4%;--awb-padding-left:30px;--awb-background-color:var(--awb-color3);--awb-flex-wrap:wrap;\" ><div class=\"fusion-builder-row fusion-row fusion-flex-align-items-flex-start fusion-flex-content-wrap\" style=\"max-width:1248px;margin-left: calc(-4% \/ 2 );margin-right: calc(-4% \/ 2 );\"><div class=\"fusion-layout-column fusion_builder_column fusion-builder-column-5 fusion_builder_column_1_2 1_2 fusion-flex-column\" style=\"--awb-bg-size:cover;--awb-width-large:50%;--awb-margin-top-large:0px;--awb-spacing-right-large:3.84%;--awb-margin-bottom-large:20px;--awb-spacing-left-large:3.84%;--awb-width-medium:50%;--awb-order-medium:0;--awb-spacing-right-medium:3.84%;--awb-spacing-left-medium:3.84%;--awb-width-small:100%;--awb-order-small:0;--awb-spacing-right-small:1.92%;--awb-spacing-left-small:1.92%;\"><div class=\"fusion-column-wrapper fusion-column-has-shadow fusion-flex-justify-content-flex-start fusion-content-layout-column\"><div class=\"fusion-builder-row fusion-builder-row-inner fusion-row fusion-flex-align-items-flex-start fusion-flex-content-wrap\" style=\"--awb-flex-grow:0;--awb-flex-grow-medium:0;--awb-flex-grow-small:0;--awb-flex-shrink:0;--awb-flex-shrink-medium:0;--awb-flex-shrink-small:0;width:104% !important;max-width:104% !important;margin-left: calc(-4% \/ 2 );margin-right: calc(-4% \/ 2 );\"><div class=\"fusion-layout-column fusion_builder_column_inner fusion-builder-nested-column-0 fusion_builder_column_inner_1_3 1_3 fusion-flex-column\" style=\"--awb-bg-size:cover;--awb-width-large:33.333333333333%;--awb-margin-top-large:0px;--awb-spacing-right-large:5.76%;--awb-margin-bottom-large:20px;--awb-spacing-left-large:5.76%;--awb-width-medium:33.333333333333%;--awb-order-medium:0;--awb-spacing-right-medium:5.76%;--awb-spacing-left-medium:5.76%;--awb-width-small:100%;--awb-order-small:0;--awb-spacing-right-small:1.92%;--awb-spacing-left-small:1.92%;\"><div class=\"fusion-column-wrapper fusion-column-has-shadow fusion-flex-justify-content-flex-start fusion-content-layout-column\"><div class=\"fusion-separator fusion-full-width-sep\" style=\"align-self: center;margin-left: auto;margin-right: auto;margin-top:20px;width:100%;\"><\/div><\/div><\/div><div class=\"fusion-layout-column fusion_builder_column_inner fusion-builder-nested-column-1 fusion_builder_column_inner_2_3 2_3 fusion-flex-column\" style=\"--awb-bg-size:cover;--awb-width-large:66.666666666667%;--awb-margin-top-large:0px;--awb-spacing-right-large:2.88%;--awb-margin-bottom-large:20px;--awb-spacing-left-large:2.88%;--awb-width-medium:66.666666666667%;--awb-order-medium:0;--awb-spacing-right-medium:2.88%;--awb-spacing-left-medium:2.88%;--awb-width-small:100%;--awb-order-small:0;--awb-spacing-right-small:1.92%;--awb-spacing-left-small:1.92%;\"><div class=\"fusion-column-wrapper fusion-column-has-shadow fusion-flex-justify-content-flex-start fusion-content-layout-column\"><div class=\"fusion-text fusion-text-2\"><p><em>&#8220;I would like to let you know that the workshop I prepared with you was very successful. The team is really motivated. A clear strategy and the necessary structure with the roles\/responsibilities and the necessary tasks were developed over the two days. I had very good feedback. It was an eye-opener at all levels, including for my boss, who was also very impressed by the result. &#8220;<\/em><\/p>\n<p>Newly appointed IT manager of an international sporting goods manufacturer after the coaching<\/p>\n<\/div><\/div><\/div><\/div><\/div><\/div><\/div><\/div><\/p>\n","protected":false},"excerpt":{"rendered":"","protected":false},"author":1,"featured_media":0,"parent":0,"menu_order":0,"comment_status":"closed","ping_status":"closed","template":"100-width.php","meta":{"footnotes":""},"class_list":["post-2374","page","type-page","status-publish","hentry"],"yoast_head":"<!-- This site is optimized with the Yoast SEO plugin v27.2 - https:\/\/yoast.com\/product\/yoast-seo-wordpress\/ -->\n<title>Coaching | L\u00f6wenstein Management Consulting<\/title>\n<meta name=\"description\" content=\"\u25ba L\u00f6wenstein steht f\u00fcr F\u00fchrungskr\u00e4fte-, Strategie, Organisations- und Team-Entwicklung sowie Coaching. F\u00fchrung f\u00fchrt zu Erfolg \u2713\u2713\u2713\" \/>\n<meta name=\"robots\" content=\"index, follow, max-snippet:-1, max-image-preview:large, max-video-preview:-1\" \/>\n<link rel=\"canonical\" href=\"https:\/\/loewenstein.at\/en\/coaching\/\" \/>\n<meta property=\"og:locale\" content=\"en_US\" \/>\n<meta property=\"og:type\" content=\"article\" \/>\n<meta property=\"og:title\" content=\"Coaching | L\u00f6wenstein Management Consulting\" \/>\n<meta property=\"og:description\" content=\"\u25ba L\u00f6wenstein steht f\u00fcr F\u00fchrungskr\u00e4fte-, Strategie, Organisations- und Team-Entwicklung sowie Coaching. F\u00fchrung f\u00fchrt zu Erfolg \u2713\u2713\u2713\" \/>\n<meta property=\"og:url\" content=\"https:\/\/loewenstein.at\/en\/coaching\/\" \/>\n<meta property=\"og:site_name\" content=\"L\u00f6wenstein Management Consulting\" \/>\n<meta property=\"article:modified_time\" content=\"2024-03-13T16:12:53+00:00\" \/>\n<meta property=\"og:image\" content=\"https:\/\/loewenstein.at\/wp-content\/uploads\/2021\/02\/alexander-loewenstein-unternehmens-beratung.jpg\" \/>\n\t<meta property=\"og:image:width\" content=\"1600\" \/>\n\t<meta property=\"og:image:height\" content=\"1067\" \/>\n\t<meta property=\"og:image:type\" content=\"image\/jpeg\" \/>\n<meta name=\"twitter:card\" content=\"summary_large_image\" \/>\n<meta name=\"twitter:label1\" content=\"Est. reading time\" \/>\n\t<meta name=\"twitter:data1\" content=\"2 minutes\" \/>\n<script type=\"application\/ld+json\" class=\"yoast-schema-graph\">{\"@context\":\"https:\/\/schema.org\",\"@graph\":[{\"@type\":\"WebPage\",\"@id\":\"https:\/\/loewenstein.at\/en\/coaching\/\",\"url\":\"https:\/\/loewenstein.at\/en\/coaching\/\",\"name\":\"Coaching | L\u00f6wenstein Management Consulting\",\"isPartOf\":{\"@id\":\"https:\/\/loewenstein.at\/en\/#website\"},\"datePublished\":\"2021-02-09T10:26:23+00:00\",\"dateModified\":\"2024-03-13T16:12:53+00:00\",\"description\":\"\u25ba L\u00f6wenstein steht f\u00fcr F\u00fchrungskr\u00e4fte-, Strategie, Organisations- und Team-Entwicklung sowie Coaching. F\u00fchrung f\u00fchrt zu Erfolg \u2713\u2713\u2713\",\"breadcrumb\":{\"@id\":\"https:\/\/loewenstein.at\/en\/coaching\/#breadcrumb\"},\"inLanguage\":\"en-US\",\"potentialAction\":[{\"@type\":\"ReadAction\",\"target\":[\"https:\/\/loewenstein.at\/en\/coaching\/\"]}]},{\"@type\":\"BreadcrumbList\",\"@id\":\"https:\/\/loewenstein.at\/en\/coaching\/#breadcrumb\",\"itemListElement\":[{\"@type\":\"ListItem\",\"position\":1,\"name\":\"Startseite\",\"item\":\"https:\/\/loewenstein.at\/en\/\"},{\"@type\":\"ListItem\",\"position\":2,\"name\":\"Coaching\"}]},{\"@type\":\"WebSite\",\"@id\":\"https:\/\/loewenstein.at\/en\/#website\",\"url\":\"https:\/\/loewenstein.at\/en\/\",\"name\":\"L\u00f6wenstein Management Consulting\",\"description\":\"F\u00fchrung - Management - Coaching\",\"publisher\":{\"@id\":\"https:\/\/loewenstein.at\/en\/#organization\"},\"potentialAction\":[{\"@type\":\"SearchAction\",\"target\":{\"@type\":\"EntryPoint\",\"urlTemplate\":\"https:\/\/loewenstein.at\/en\/?s={search_term_string}\"},\"query-input\":{\"@type\":\"PropertyValueSpecification\",\"valueRequired\":true,\"valueName\":\"search_term_string\"}}],\"inLanguage\":\"en-US\"},{\"@type\":\"Organization\",\"@id\":\"https:\/\/loewenstein.at\/en\/#organization\",\"name\":\"L\u00f6wenstein Management Consulting\",\"url\":\"https:\/\/loewenstein.at\/en\/\",\"logo\":{\"@type\":\"ImageObject\",\"inLanguage\":\"en-US\",\"@id\":\"https:\/\/loewenstein.at\/en\/#\/schema\/logo\/image\/\",\"url\":\"https:\/\/loewenstein.at\/wp-content\/uploads\/2021\/02\/loewenstein-logo-200-1.png\",\"contentUrl\":\"https:\/\/loewenstein.at\/wp-content\/uploads\/2021\/02\/loewenstein-logo-200-1.png\",\"width\":200,\"height\":200,\"caption\":\"L\u00f6wenstein Management Consulting\"},\"image\":{\"@id\":\"https:\/\/loewenstein.at\/en\/#\/schema\/logo\/image\/\"}}]}<\/script>\n<!-- \/ Yoast SEO plugin. -->","yoast_head_json":{"title":"Coaching | L\u00f6wenstein Management Consulting","description":"\u25ba L\u00f6wenstein steht f\u00fcr F\u00fchrungskr\u00e4fte-, Strategie, Organisations- und Team-Entwicklung sowie Coaching. F\u00fchrung f\u00fchrt zu Erfolg \u2713\u2713\u2713","robots":{"index":"index","follow":"follow","max-snippet":"max-snippet:-1","max-image-preview":"max-image-preview:large","max-video-preview":"max-video-preview:-1"},"canonical":"https:\/\/loewenstein.at\/en\/coaching\/","og_locale":"en_US","og_type":"article","og_title":"Coaching | L\u00f6wenstein Management Consulting","og_description":"\u25ba L\u00f6wenstein steht f\u00fcr F\u00fchrungskr\u00e4fte-, Strategie, Organisations- und Team-Entwicklung sowie Coaching. F\u00fchrung f\u00fchrt zu Erfolg \u2713\u2713\u2713","og_url":"https:\/\/loewenstein.at\/en\/coaching\/","og_site_name":"L\u00f6wenstein Management Consulting","article_modified_time":"2024-03-13T16:12:53+00:00","og_image":[{"width":1600,"height":1067,"url":"https:\/\/loewenstein.at\/wp-content\/uploads\/2021\/02\/alexander-loewenstein-unternehmens-beratung.jpg","type":"image\/jpeg"}],"twitter_card":"summary_large_image","twitter_misc":{"Est. reading time":"2 minutes"},"schema":{"@context":"https:\/\/schema.org","@graph":[{"@type":"WebPage","@id":"https:\/\/loewenstein.at\/en\/coaching\/","url":"https:\/\/loewenstein.at\/en\/coaching\/","name":"Coaching | L\u00f6wenstein Management Consulting","isPartOf":{"@id":"https:\/\/loewenstein.at\/en\/#website"},"datePublished":"2021-02-09T10:26:23+00:00","dateModified":"2024-03-13T16:12:53+00:00","description":"\u25ba L\u00f6wenstein steht f\u00fcr F\u00fchrungskr\u00e4fte-, Strategie, Organisations- und Team-Entwicklung sowie Coaching. F\u00fchrung f\u00fchrt zu Erfolg \u2713\u2713\u2713","breadcrumb":{"@id":"https:\/\/loewenstein.at\/en\/coaching\/#breadcrumb"},"inLanguage":"en-US","potentialAction":[{"@type":"ReadAction","target":["https:\/\/loewenstein.at\/en\/coaching\/"]}]},{"@type":"BreadcrumbList","@id":"https:\/\/loewenstein.at\/en\/coaching\/#breadcrumb","itemListElement":[{"@type":"ListItem","position":1,"name":"Startseite","item":"https:\/\/loewenstein.at\/en\/"},{"@type":"ListItem","position":2,"name":"Coaching"}]},{"@type":"WebSite","@id":"https:\/\/loewenstein.at\/en\/#website","url":"https:\/\/loewenstein.at\/en\/","name":"L\u00f6wenstein Management Consulting","description":"F\u00fchrung - Management - Coaching","publisher":{"@id":"https:\/\/loewenstein.at\/en\/#organization"},"potentialAction":[{"@type":"SearchAction","target":{"@type":"EntryPoint","urlTemplate":"https:\/\/loewenstein.at\/en\/?s={search_term_string}"},"query-input":{"@type":"PropertyValueSpecification","valueRequired":true,"valueName":"search_term_string"}}],"inLanguage":"en-US"},{"@type":"Organization","@id":"https:\/\/loewenstein.at\/en\/#organization","name":"L\u00f6wenstein Management Consulting","url":"https:\/\/loewenstein.at\/en\/","logo":{"@type":"ImageObject","inLanguage":"en-US","@id":"https:\/\/loewenstein.at\/en\/#\/schema\/logo\/image\/","url":"https:\/\/loewenstein.at\/wp-content\/uploads\/2021\/02\/loewenstein-logo-200-1.png","contentUrl":"https:\/\/loewenstein.at\/wp-content\/uploads\/2021\/02\/loewenstein-logo-200-1.png","width":200,"height":200,"caption":"L\u00f6wenstein Management Consulting"},"image":{"@id":"https:\/\/loewenstein.at\/en\/#\/schema\/logo\/image\/"}}]}},"_links":{"self":[{"href":"https:\/\/loewenstein.at\/en\/wp-json\/wp\/v2\/pages\/2374","targetHints":{"allow":["GET"]}}],"collection":[{"href":"https:\/\/loewenstein.at\/en\/wp-json\/wp\/v2\/pages"}],"about":[{"href":"https:\/\/loewenstein.at\/en\/wp-json\/wp\/v2\/types\/page"}],"author":[{"embeddable":true,"href":"https:\/\/loewenstein.at\/en\/wp-json\/wp\/v2\/users\/1"}],"replies":[{"embeddable":true,"href":"https:\/\/loewenstein.at\/en\/wp-json\/wp\/v2\/comments?post=2374"}],"version-history":[{"count":5,"href":"https:\/\/loewenstein.at\/en\/wp-json\/wp\/v2\/pages\/2374\/revisions"}],"predecessor-version":[{"id":2383,"href":"https:\/\/loewenstein.at\/en\/wp-json\/wp\/v2\/pages\/2374\/revisions\/2383"}],"wp:attachment":[{"href":"https:\/\/loewenstein.at\/en\/wp-json\/wp\/v2\/media?parent=2374"}],"curies":[{"name":"wp","href":"https:\/\/api.w.org\/{rel}","templated":true}]}}