{"id":2370,"date":"2021-02-09T11:06:23","date_gmt":"2021-02-09T10:06:23","guid":{"rendered":"https:\/\/loewenstein.at\/?page_id=2370"},"modified":"2024-03-25T18:04:55","modified_gmt":"2024-03-25T17:04:55","slug":"ganzheitliche-unterstuetzung","status":"publish","type":"page","link":"https:\/\/loewenstein.at\/en\/","title":{"rendered":"Systemic Support"},"content":{"rendered":"<p><div class=\"fusion-fullwidth fullwidth-box fusion-builder-row-1 fusion-flex-container hundred-percent-fullwidth non-hundred-percent-height-scrolling\" style=\"--awb-border-radius-top-left:0px;--awb-border-radius-top-right:0px;--awb-border-radius-bottom-right:0px;--awb-border-radius-bottom-left:0px;--awb-padding-top:0px;--awb-padding-bottom:0px;--awb-background-color:#f9f9f9;--awb-flex-wrap:wrap;\" ><div class=\"fusion-builder-row fusion-row fusion-flex-align-items-center fusion-flex-content-wrap\" style=\"width:calc( 100% + 0px ) !important;max-width:calc( 100% + 0px ) !important;margin-left: calc(-0px \/ 2 );margin-right: calc(-0px \/ 2 );\"><div class=\"fusion-layout-column fusion_builder_column fusion-builder-column-0 fusion_builder_column_1_2 1_2 fusion-flex-column\" style=\"--awb-bg-position:center top;--awb-bg-size:cover;--awb-width-large:50%;--awb-margin-top-large:0px;--awb-spacing-right-large:0px;--awb-margin-bottom-large:0px;--awb-spacing-left-large:0px;--awb-width-medium:50%;--awb-order-medium:0;--awb-spacing-right-medium:0px;--awb-spacing-left-medium:0px;--awb-width-small:100%;--awb-order-small:0;--awb-spacing-right-small:0px;--awb-spacing-left-small:0px;\" data-scroll-devices=\"small-visibility,medium-visibility,large-visibility\"><div class=\"fusion-column-wrapper lazyload fusion-column-has-shadow fusion-flex-justify-content-flex-start fusion-content-layout-column fusion-empty-column-bg-image fusion-column-has-bg-image\" data-bg-url=\"https:\/\/loewenstein.at\/wp-content\/uploads\/2021\/02\/alexander-loewenstein-unternehmens-beratung.jpg\" data-bg=\"https:\/\/loewenstein.at\/wp-content\/uploads\/2021\/02\/alexander-loewenstein-unternehmens-beratung.jpg\"><img decoding=\"async\" class=\"fusion-empty-dims-img-placeholder\" aria-label=\"alexander-loewenstein-unternehmens-beratung\" src=\"data:image\/svg+xml,%3Csvg%20xmlns%3D%27http%3A%2F%2Fwww.w3.org%2F2000%2Fsvg%27%20width%3D%271600%27%20height%3D%271067%27%20viewBox%3D%270%200%201600%201067%27%3E%3Crect%20width%3D%271600%27%20height%3D%271067%27%20fill-opacity%3D%220%22%2F%3E%3C%2Fsvg%3E\"><\/div><\/div><div class=\"fusion-layout-column fusion_builder_column fusion-builder-column-1 fusion_builder_column_1_2 1_2 fusion-flex-column\" style=\"--awb-padding-right:7%;--awb-padding-left:7%;--awb-bg-size:cover;--awb-width-large:50%;--awb-margin-top-large:0px;--awb-spacing-right-large:0px;--awb-margin-bottom-large:0px;--awb-spacing-left-large:0px;--awb-width-medium:50%;--awb-order-medium:0;--awb-spacing-right-medium:0px;--awb-spacing-left-medium:0px;--awb-width-small:100%;--awb-order-small:0;--awb-spacing-right-small:0px;--awb-spacing-left-small:0px;\"><div class=\"fusion-column-wrapper fusion-column-has-shadow fusion-flex-justify-content-flex-start fusion-content-layout-column\"><div class=\"fusion-title title fusion-title-1 fusion-sep-none fusion-title-text fusion-title-size-three\" style=\"--awb-margin-top-small:10px;--awb-margin-right-small:0px;--awb-margin-bottom-small:10px;--awb-margin-left-small:0px;\"><h3 class=\"fusion-title-heading title-heading-left fusion-responsive-typography-calculated\" style=\"margin:0;--fontSize:28;line-height:1.3;\">Leadership creates success<\/h3><\/div><div class=\"fusion-text fusion-text-1\" style=\"--awb-text-transform:none;\"><p>Effective leadership is key to the success of any business or organisation.<\/p>\n<p>People in organisations want purpose, clear processes and a culture of trust and accountability.<\/p>\n<p>We support you as a leader and your team in creating these environments together.<\/p>\n<\/div><\/div><\/div><\/div><\/div><div class=\"fusion-fullwidth fullwidth-box fusion-builder-row-2 fusion-flex-container has-pattern-background has-mask-background nonhundred-percent-fullwidth non-hundred-percent-height-scrolling fusion-no-small-visibility\" style=\"--awb-border-radius-top-left:0px;--awb-border-radius-top-right:0px;--awb-border-radius-bottom-right:0px;--awb-border-radius-bottom-left:0px;--awb-flex-wrap:wrap;\" ><div class=\"fusion-builder-row fusion-row fusion-flex-align-items-center fusion-flex-justify-content-center fusion-flex-content-wrap\" style=\"max-width:1248px;margin-left: calc(-4% \/ 2 );margin-right: calc(-4% \/ 2 );\"><div class=\"fusion-layout-column fusion_builder_column fusion-builder-column-2 fusion_builder_column_1_2 1_2 fusion-flex-column\" style=\"--awb-padding-right:7%;--awb-padding-left:7%;--awb-bg-size:cover;--awb-width-large:50%;--awb-margin-top-large:0px;--awb-spacing-right-large:3.84%;--awb-margin-bottom-large:0px;--awb-spacing-left-large:3.84%;--awb-width-medium:50%;--awb-order-medium:0;--awb-spacing-right-medium:3.84%;--awb-spacing-left-medium:3.84%;--awb-width-small:100%;--awb-order-small:0;--awb-spacing-right-small:1.92%;--awb-spacing-left-small:1.92%;\"><div class=\"fusion-column-wrapper fusion-column-has-shadow fusion-flex-justify-content-flex-start fusion-content-layout-column\"><div class=\"fusion-title title fusion-title-2 fusion-sep-none fusion-title-text fusion-title-size-three\" style=\"--awb-margin-top-small:10px;--awb-margin-right-small:0px;--awb-margin-bottom-small:10px;--awb-margin-left-small:0px;\"><h3 class=\"fusion-title-heading title-heading-left fusion-responsive-typography-calculated\" style=\"margin:0;--fontSize:28;line-height:1.3;\">Systemic (wholistic) support<\/h3><\/div><div class=\"fusion-text fusion-text-2\" style=\"--awb-text-transform:none;\"><p>The interplay of strategy, structure, culture and leadership influences how successful organisations are and how motivated the team is. Dissatisfaction and inefficiency are often structural in nature. Staff turnover or a lack of attractiveness on the labour market are often related to leadership and culture. In any case, we will find out with you whether leadership development, organisational development, team development or coaching will support you most.\u00a0 We look forward to getting in touch with you.<\/p>\n<\/div><div ><a class=\"fusion-button button-flat fusion-button-default-size button-default fusion-button-default button-1 fusion-button-default-span fusion-button-default-type\" target=\"_self\" href=\"https:\/\/loewenstein.at\/\/kontakt\/\"><span class=\"fusion-button-text awb-button__text awb-button__text--default\">Send enquiry<\/span><\/a><\/div><\/div><\/div><div class=\"fusion-layout-column fusion_builder_column fusion-builder-column-3 fusion_builder_column_1_2 1_2 fusion-flex-column\" style=\"--awb-bg-size:cover;--awb-width-large:50%;--awb-margin-top-large:0px;--awb-spacing-right-large:3.84%;--awb-margin-bottom-large:20px;--awb-spacing-left-large:3.84%;--awb-width-medium:50%;--awb-order-medium:0;--awb-spacing-right-medium:3.84%;--awb-spacing-left-medium:3.84%;--awb-width-small:100%;--awb-order-small:0;--awb-spacing-right-small:1.92%;--awb-spacing-left-small:1.92%;\"><div class=\"fusion-column-wrapper fusion-column-has-shadow fusion-flex-justify-content-flex-start fusion-content-layout-column\"><div style=\"--awb-alignment:center;--awb-popover-content-background-color:var(--awb-color7);\" class=\"awb-image-hotspots awb-image-hotspots-1\"><div class=\"awb-image-hotspots-wrapper\"><img decoding=\"async\" src=\"https:\/\/loewenstein.at\/wp-content\/uploads\/2024\/03\/Folie1-e1711386566494.jpg\" data-orig-src=\"https:\/\/loewenstein.at\/wp-content\/uploads\/2024\/03\/Folie1.jpg\" alt=\"Folie1\" width=\"746\" height=\"701\" title=\"Folie1\" class=\"lazyload awb-image-hotspots-image wp-image-2493\" srcset=\"data:image\/svg+xml,%3Csvg%20xmlns%3D%27http%3A%2F%2Fwww.w3.org%2F2000%2Fsvg%27%20width%3D%27746%27%20height%3D%27701%27%20viewBox%3D%270%200%20746%20701%27%3E%3Crect%20width%3D%27746%27%20height%3D%27701%27%20fill-opacity%3D%220%22%2F%3E%3C%2Fsvg%3E\" data-srcset=\"https:\/\/loewenstein.at\/wp-content\/uploads\/2024\/03\/Folie1-e1711386566494-200x188.jpg 200w, https:\/\/loewenstein.at\/wp-content\/uploads\/2024\/03\/Folie1-e1711386566494-300x282.jpg 300w, https:\/\/loewenstein.at\/wp-content\/uploads\/2024\/03\/Folie1-e1711386566494-400x376.jpg 400w, https:\/\/loewenstein.at\/wp-content\/uploads\/2024\/03\/Folie1-e1711386566494-600x564.jpg 600w, https:\/\/loewenstein.at\/wp-content\/uploads\/2024\/03\/Folie1-e1711386566494.jpg 746w\" data-sizes=\"auto\" data-orig-sizes=\"(max-width: 746px) 100vw, 746px\"\/><a style=\"--awb-hotspot-text-color:var(--awb-color7);--awb-pos-x:36.0%;--awb-pos-y:5.0%;\" class=\"awb-image-hotspots-hotspot awb-image-hotspots-hotspot-1 awb-image-hotspots-hotspot-anim-pump-showing\" href=\"https:\/\/loewenstein.at\/en\/strategieentwicklung\/\" title=\"Zur Strategieentwicklung\" target=\"_self\"><i class=\"fa-info-circle fas\"><\/i> <\/a><a style=\"--awb-hotspot-text-color:var(--awb-color7);--awb-pos-x:36.0%;--awb-pos-y:44.0%;\" class=\"awb-image-hotspots-hotspot awb-image-hotspots-hotspot-2 awb-image-hotspots-hotspot-anim-pump-showing\" href=\"https:\/\/loewenstein.at\/en\/fuehrungskraefte-entwicklung\/\" title=\"Zur F\u00fchrungskr\u00e4fte-Entwicklung\" target=\"_self\"><i class=\"fa-info-circle fas\"><\/i> <\/a><a style=\"--awb-hotspot-text-color:var(--awb-color7);--awb-pos-x:0.0%;--awb-pos-y:60.0%;\" class=\"awb-image-hotspots-hotspot awb-image-hotspots-hotspot-3 awb-image-hotspots-hotspot-anim-pump-showing\" href=\"https:\/\/loewenstein.at\/en\/organisation-entwicklung\/\" title=\"Zu Organisation &amp; Change \" target=\"_self\"><i class=\"fa-info-circle fas\"><\/i> <\/a><a style=\"--awb-hotspot-text-color:var(--awb-color7);--awb-pos-x:80.0%;--awb-pos-y:60.0%;\" class=\"awb-image-hotspots-hotspot awb-image-hotspots-hotspot-4 awb-image-hotspots-hotspot-anim-pump-showing\" href=\"https:\/\/loewenstein.at\/en\/teamentwicklung\/\" title=\"Zur Teamentwicklung\" target=\"_self\"><i class=\"fa-info-circle fas\"><\/i> <\/a><\/div><\/div><\/div><\/div><\/div><\/div><div class=\"fusion-fullwidth fullwidth-box fusion-builder-row-3 fusion-flex-container has-pattern-background has-mask-background nonhundred-percent-fullwidth non-hundred-percent-height-scrolling fusion-no-medium-visibility fusion-no-large-visibility\" style=\"--awb-border-radius-top-left:0px;--awb-border-radius-top-right:0px;--awb-border-radius-bottom-right:0px;--awb-border-radius-bottom-left:0px;--awb-flex-wrap:wrap;\" ><div class=\"fusion-builder-row fusion-row fusion-flex-align-items-center fusion-flex-justify-content-center fusion-flex-content-wrap\" style=\"max-width:1248px;margin-left: calc(-4% \/ 2 );margin-right: calc(-4% \/ 2 );\"><div class=\"fusion-layout-column fusion_builder_column fusion-builder-column-4 fusion_builder_column_1_2 1_2 fusion-flex-column\" style=\"--awb-padding-right:7%;--awb-padding-left:7%;--awb-bg-size:cover;--awb-width-large:50%;--awb-margin-top-large:0px;--awb-spacing-right-large:3.84%;--awb-margin-bottom-large:0px;--awb-spacing-left-large:3.84%;--awb-width-medium:50%;--awb-order-medium:0;--awb-spacing-right-medium:3.84%;--awb-spacing-left-medium:3.84%;--awb-width-small:100%;--awb-order-small:0;--awb-spacing-right-small:1.92%;--awb-spacing-left-small:1.92%;\"><div class=\"fusion-column-wrapper fusion-column-has-shadow fusion-flex-justify-content-flex-start fusion-content-layout-column\"><div class=\"fusion-title title fusion-title-3 fusion-sep-none fusion-title-text fusion-title-size-three\" style=\"--awb-margin-top-small:10px;--awb-margin-right-small:0px;--awb-margin-bottom-small:10px;--awb-margin-left-small:0px;\"><h3 class=\"fusion-title-heading title-heading-left fusion-responsive-typography-calculated\" style=\"margin:0;--fontSize:28;line-height:1.3;\">Comprehensive support<\/h3><\/div><div style=\"--awb-alignment:center;--awb-popover-content-background-color:var(--awb-color7);\" class=\"awb-image-hotspots awb-image-hotspots-2\"><div class=\"awb-image-hotspots-wrapper\"><img decoding=\"async\" src=\"https:\/\/loewenstein.at\/wp-content\/uploads\/2023\/12\/Loesungen-e1704984411146.jpg\" data-orig-src=\"https:\/\/loewenstein.at\/wp-content\/uploads\/2023\/12\/Loesungen-e1704984411146.jpg\" alt=\"L\u00f6sungen\" width=\"748\" height=\"699\" title=\"L\u00f6sungen\" class=\"lazyload awb-image-hotspots-image wp-image-2174\" srcset=\"data:image\/svg+xml,%3Csvg%20xmlns%3D%27http%3A%2F%2Fwww.w3.org%2F2000%2Fsvg%27%20width%3D%27748%27%20height%3D%27699%27%20viewBox%3D%270%200%20748%20699%27%3E%3Crect%20width%3D%27748%27%20height%3D%27699%27%20fill-opacity%3D%220%22%2F%3E%3C%2Fsvg%3E\" data-srcset=\"https:\/\/loewenstein.at\/wp-content\/uploads\/2023\/12\/Loesungen-e1704984411146-200x187.jpg 200w, https:\/\/loewenstein.at\/wp-content\/uploads\/2023\/12\/Loesungen-e1704984411146-300x280.jpg 300w, https:\/\/loewenstein.at\/wp-content\/uploads\/2023\/12\/Loesungen-e1704984411146-400x374.jpg 400w, https:\/\/loewenstein.at\/wp-content\/uploads\/2023\/12\/Loesungen-e1704984411146-600x561.jpg 600w, https:\/\/loewenstein.at\/wp-content\/uploads\/2023\/12\/Loesungen-e1704984411146.jpg 748w\" data-sizes=\"auto\" data-orig-sizes=\"(max-width: 748px) 100vw, 748px\"\/><a style=\"--awb-hotspot-text-color:var(--awb-color7);--awb-pos-x:36.0%;--awb-pos-y:0.0%;\" class=\"awb-image-hotspots-hotspot awb-image-hotspots-hotspot-5 awb-image-hotspots-hotspot-anim-pump-showing\" href=\"https:\/\/loewenstein.at\/\/strategieentwicklung\/\" title=\"Zur Strategieentwicklung\" target=\"_self\"><i class=\"fa-info-circle fas\"><\/i> <\/a><a style=\"--awb-hotspot-text-color:var(--awb-color7);--awb-pos-x:36.0%;--awb-pos-y:34.1%;\" class=\"awb-image-hotspots-hotspot awb-image-hotspots-hotspot-6 awb-image-hotspots-hotspot-anim-pump-showing\" href=\"https:\/\/loewenstein.at\/\/fuehrungskraefte-entwicklung\/\" title=\"Zur F\u00fchrungskr\u00e4fte-Entwicklung\" target=\"_self\"><i class=\"fa-info-circle fas\"><\/i> <\/a><a style=\"--awb-hotspot-text-color:var(--awb-color7);--awb-pos-x:0.0%;--awb-pos-y:74.9%;\" class=\"awb-image-hotspots-hotspot awb-image-hotspots-hotspot-7 awb-image-hotspots-hotspot-anim-pump-showing\" href=\"https:\/\/loewenstein.at\/\/organisation-entwicklung\/\" title=\"Zu Organisation &amp; Change \" target=\"_self\"><i class=\"fa-info-circle fas\"><\/i> <\/a><a style=\"--awb-hotspot-text-color:var(--awb-color7);--awb-pos-x:69.4%;--awb-pos-y:74.9%;\" class=\"awb-image-hotspots-hotspot awb-image-hotspots-hotspot-8 awb-image-hotspots-hotspot-anim-pump-showing\" href=\"https:\/\/loewenstein.at\/\/teamentwicklung\/\" title=\"Zur Teamentwicklung\" target=\"_self\"><i class=\"fa-info-circle fas\"><\/i> <\/a><\/div><\/div><div class=\"fusion-text fusion-text-3\" style=\"--awb-text-transform:none;\"><p>The interplay of strategy, structure, culture and leadership influences how successful organisations are and how motivated the team is. Dissatisfaction and inefficiency are often structural in nature. Staff turnover or a lack of attractiveness on the labour market are often related to leadership and culture. In any case, we will work with you to understand what you are trying to achieve and whether management, organisational or team development or coaching of individuals will be most effective. We look forward to getting in touch with you.<\/p>\n<\/div><div ><a class=\"fusion-button button-flat fusion-button-default-size button-default fusion-button-default button-2 fusion-button-default-span fusion-button-default-type\" target=\"_self\" href=\"https:\/\/loewenstein.at\/\/kontakt\/\"><span class=\"fusion-button-text awb-button__text awb-button__text--default\">Send enquiry<\/span><\/a><\/div><\/div><\/div><div class=\"fusion-layout-column fusion_builder_column fusion-builder-column-5 fusion_builder_column_1_2 1_2 fusion-flex-column\" style=\"--awb-bg-size:cover;--awb-width-large:50%;--awb-margin-top-large:0px;--awb-spacing-right-large:3.84%;--awb-margin-bottom-large:20px;--awb-spacing-left-large:3.84%;--awb-width-medium:50%;--awb-order-medium:0;--awb-spacing-right-medium:3.84%;--awb-spacing-left-medium:3.84%;--awb-width-small:100%;--awb-order-small:0;--awb-spacing-right-small:1.92%;--awb-spacing-left-small:1.92%;\"><div class=\"fusion-column-wrapper fusion-column-has-shadow fusion-flex-justify-content-flex-start fusion-content-layout-column\"><\/div><\/div><\/div><\/div><\/p>\n","protected":false},"excerpt":{"rendered":"","protected":false},"author":1,"featured_media":0,"parent":0,"menu_order":0,"comment_status":"closed","ping_status":"closed","template":"100-width.php","meta":{"footnotes":""},"class_list":["post-2370","page","type-page","status-publish","hentry"],"yoast_head":"<!-- This site is optimized with the Yoast SEO plugin v27.5 - https:\/\/yoast.com\/product\/yoast-seo-wordpress\/ -->\n<title>Systemic Support | L\u00f6wenstein Management Consulting<\/title>\n<meta name=\"description\" content=\"\u25ba L\u00f6wenstein steht f\u00fcr F\u00fchrungskr\u00e4fte-, Strategie, Organisations- und Team-Entwicklung sowie Coaching. F\u00fchrung f\u00fchrt zu Erfolg \u2713\u2713\u2713\" \/>\n<meta name=\"robots\" content=\"index, follow, max-snippet:-1, max-image-preview:large, max-video-preview:-1\" \/>\n<link rel=\"canonical\" href=\"https:\/\/loewenstein.at\/en\/\" \/>\n<meta property=\"og:locale\" content=\"en_US\" \/>\n<meta property=\"og:type\" content=\"article\" \/>\n<meta property=\"og:title\" content=\"Systemic Support | L\u00f6wenstein Management Consulting\" \/>\n<meta property=\"og:description\" content=\"\u25ba L\u00f6wenstein steht f\u00fcr F\u00fchrungskr\u00e4fte-, Strategie, Organisations- und Team-Entwicklung sowie Coaching. F\u00fchrung f\u00fchrt zu Erfolg \u2713\u2713\u2713\" \/>\n<meta property=\"og:url\" content=\"https:\/\/loewenstein.at\/en\/\" \/>\n<meta property=\"og:site_name\" content=\"L\u00f6wenstein Management Consulting\" \/>\n<meta property=\"article:modified_time\" content=\"2024-03-25T17:04:55+00:00\" \/>\n<meta property=\"og:image\" content=\"https:\/\/loewenstein.at\/wp-content\/uploads\/2021\/02\/alexander-loewenstein-unternehmens-beratung.jpg\" \/>\n\t<meta property=\"og:image:width\" content=\"1600\" \/>\n\t<meta property=\"og:image:height\" content=\"1067\" \/>\n\t<meta property=\"og:image:type\" content=\"image\/jpeg\" \/>\n<meta name=\"twitter:card\" content=\"summary_large_image\" \/>\n<meta name=\"twitter:label1\" content=\"Est. reading time\" \/>\n\t<meta name=\"twitter:data1\" content=\"2 minutes\" \/>\n<script type=\"application\/ld+json\" class=\"yoast-schema-graph\">{\"@context\":\"https:\\\/\\\/schema.org\",\"@graph\":[{\"@type\":\"WebPage\",\"@id\":\"https:\\\/\\\/loewenstein.at\\\/en\\\/\",\"url\":\"https:\\\/\\\/loewenstein.at\\\/en\\\/\",\"name\":\"Systemic Support | L\u00f6wenstein Management Consulting\",\"isPartOf\":{\"@id\":\"https:\\\/\\\/loewenstein.at\\\/en\\\/#website\"},\"datePublished\":\"2021-02-09T10:06:23+00:00\",\"dateModified\":\"2024-03-25T17:04:55+00:00\",\"description\":\"\u25ba L\u00f6wenstein steht f\u00fcr F\u00fchrungskr\u00e4fte-, Strategie, Organisations- und Team-Entwicklung sowie Coaching. F\u00fchrung f\u00fchrt zu Erfolg \u2713\u2713\u2713\",\"breadcrumb\":{\"@id\":\"https:\\\/\\\/loewenstein.at\\\/en\\\/#breadcrumb\"},\"inLanguage\":\"en-US\",\"potentialAction\":[{\"@type\":\"ReadAction\",\"target\":[\"https:\\\/\\\/loewenstein.at\\\/en\\\/\"]}]},{\"@type\":\"BreadcrumbList\",\"@id\":\"https:\\\/\\\/loewenstein.at\\\/en\\\/#breadcrumb\",\"itemListElement\":[{\"@type\":\"ListItem\",\"position\":1,\"name\":\"Startseite\",\"item\":\"https:\\\/\\\/loewenstein.at\\\/en\\\/\"},{\"@type\":\"ListItem\",\"position\":2,\"name\":\"Systemic Support\"}]},{\"@type\":\"WebSite\",\"@id\":\"https:\\\/\\\/loewenstein.at\\\/en\\\/#website\",\"url\":\"https:\\\/\\\/loewenstein.at\\\/en\\\/\",\"name\":\"L\u00f6wenstein Management Consulting\",\"description\":\"F\u00fchrung - Management - Coaching\",\"publisher\":{\"@id\":\"https:\\\/\\\/loewenstein.at\\\/en\\\/#organization\"},\"potentialAction\":[{\"@type\":\"SearchAction\",\"target\":{\"@type\":\"EntryPoint\",\"urlTemplate\":\"https:\\\/\\\/loewenstein.at\\\/en\\\/?s={search_term_string}\"},\"query-input\":{\"@type\":\"PropertyValueSpecification\",\"valueRequired\":true,\"valueName\":\"search_term_string\"}}],\"inLanguage\":\"en-US\"},{\"@type\":\"Organization\",\"@id\":\"https:\\\/\\\/loewenstein.at\\\/en\\\/#organization\",\"name\":\"L\u00f6wenstein Management Consulting\",\"url\":\"https:\\\/\\\/loewenstein.at\\\/en\\\/\",\"logo\":{\"@type\":\"ImageObject\",\"inLanguage\":\"en-US\",\"@id\":\"https:\\\/\\\/loewenstein.at\\\/en\\\/#\\\/schema\\\/logo\\\/image\\\/\",\"url\":\"https:\\\/\\\/loewenstein.at\\\/wp-content\\\/uploads\\\/2021\\\/02\\\/loewenstein-logo-200-1.png\",\"contentUrl\":\"https:\\\/\\\/loewenstein.at\\\/wp-content\\\/uploads\\\/2021\\\/02\\\/loewenstein-logo-200-1.png\",\"width\":200,\"height\":200,\"caption\":\"L\u00f6wenstein Management Consulting\"},\"image\":{\"@id\":\"https:\\\/\\\/loewenstein.at\\\/en\\\/#\\\/schema\\\/logo\\\/image\\\/\"}}]}<\/script>\n<!-- \/ Yoast SEO plugin. -->","yoast_head_json":{"title":"Systemic Support | L\u00f6wenstein Management Consulting","description":"\u25ba L\u00f6wenstein steht f\u00fcr F\u00fchrungskr\u00e4fte-, Strategie, Organisations- und Team-Entwicklung sowie Coaching. F\u00fchrung f\u00fchrt zu Erfolg \u2713\u2713\u2713","robots":{"index":"index","follow":"follow","max-snippet":"max-snippet:-1","max-image-preview":"max-image-preview:large","max-video-preview":"max-video-preview:-1"},"canonical":"https:\/\/loewenstein.at\/en\/","og_locale":"en_US","og_type":"article","og_title":"Systemic Support | L\u00f6wenstein Management Consulting","og_description":"\u25ba L\u00f6wenstein steht f\u00fcr F\u00fchrungskr\u00e4fte-, Strategie, Organisations- und Team-Entwicklung sowie Coaching. F\u00fchrung f\u00fchrt zu Erfolg \u2713\u2713\u2713","og_url":"https:\/\/loewenstein.at\/en\/","og_site_name":"L\u00f6wenstein Management Consulting","article_modified_time":"2024-03-25T17:04:55+00:00","og_image":[{"width":1600,"height":1067,"url":"https:\/\/loewenstein.at\/wp-content\/uploads\/2021\/02\/alexander-loewenstein-unternehmens-beratung.jpg","type":"image\/jpeg"}],"twitter_card":"summary_large_image","twitter_misc":{"Est. reading time":"2 minutes"},"schema":{"@context":"https:\/\/schema.org","@graph":[{"@type":"WebPage","@id":"https:\/\/loewenstein.at\/en\/","url":"https:\/\/loewenstein.at\/en\/","name":"Systemic Support | L\u00f6wenstein Management Consulting","isPartOf":{"@id":"https:\/\/loewenstein.at\/en\/#website"},"datePublished":"2021-02-09T10:06:23+00:00","dateModified":"2024-03-25T17:04:55+00:00","description":"\u25ba L\u00f6wenstein steht f\u00fcr F\u00fchrungskr\u00e4fte-, Strategie, Organisations- und Team-Entwicklung sowie Coaching. F\u00fchrung f\u00fchrt zu Erfolg \u2713\u2713\u2713","breadcrumb":{"@id":"https:\/\/loewenstein.at\/en\/#breadcrumb"},"inLanguage":"en-US","potentialAction":[{"@type":"ReadAction","target":["https:\/\/loewenstein.at\/en\/"]}]},{"@type":"BreadcrumbList","@id":"https:\/\/loewenstein.at\/en\/#breadcrumb","itemListElement":[{"@type":"ListItem","position":1,"name":"Startseite","item":"https:\/\/loewenstein.at\/en\/"},{"@type":"ListItem","position":2,"name":"Systemic Support"}]},{"@type":"WebSite","@id":"https:\/\/loewenstein.at\/en\/#website","url":"https:\/\/loewenstein.at\/en\/","name":"L\u00f6wenstein Management Consulting","description":"F\u00fchrung - Management - Coaching","publisher":{"@id":"https:\/\/loewenstein.at\/en\/#organization"},"potentialAction":[{"@type":"SearchAction","target":{"@type":"EntryPoint","urlTemplate":"https:\/\/loewenstein.at\/en\/?s={search_term_string}"},"query-input":{"@type":"PropertyValueSpecification","valueRequired":true,"valueName":"search_term_string"}}],"inLanguage":"en-US"},{"@type":"Organization","@id":"https:\/\/loewenstein.at\/en\/#organization","name":"L\u00f6wenstein Management Consulting","url":"https:\/\/loewenstein.at\/en\/","logo":{"@type":"ImageObject","inLanguage":"en-US","@id":"https:\/\/loewenstein.at\/en\/#\/schema\/logo\/image\/","url":"https:\/\/loewenstein.at\/wp-content\/uploads\/2021\/02\/loewenstein-logo-200-1.png","contentUrl":"https:\/\/loewenstein.at\/wp-content\/uploads\/2021\/02\/loewenstein-logo-200-1.png","width":200,"height":200,"caption":"L\u00f6wenstein Management Consulting"},"image":{"@id":"https:\/\/loewenstein.at\/en\/#\/schema\/logo\/image\/"}}]}},"_links":{"self":[{"href":"https:\/\/loewenstein.at\/en\/wp-json\/wp\/v2\/pages\/2370","targetHints":{"allow":["GET"]}}],"collection":[{"href":"https:\/\/loewenstein.at\/en\/wp-json\/wp\/v2\/pages"}],"about":[{"href":"https:\/\/loewenstein.at\/en\/wp-json\/wp\/v2\/types\/page"}],"author":[{"embeddable":true,"href":"https:\/\/loewenstein.at\/en\/wp-json\/wp\/v2\/users\/1"}],"replies":[{"embeddable":true,"href":"https:\/\/loewenstein.at\/en\/wp-json\/wp\/v2\/comments?post=2370"}],"version-history":[{"count":8,"href":"https:\/\/loewenstein.at\/en\/wp-json\/wp\/v2\/pages\/2370\/revisions"}],"predecessor-version":[{"id":2521,"href":"https:\/\/loewenstein.at\/en\/wp-json\/wp\/v2\/pages\/2370\/revisions\/2521"}],"wp:attachment":[{"href":"https:\/\/loewenstein.at\/en\/wp-json\/wp\/v2\/media?parent=2370"}],"curies":[{"name":"wp","href":"https:\/\/api.w.org\/{rel}","templated":true}]}}